{"id":1135,"date":"2015-08-22T19:14:18","date_gmt":"2015-08-23T00:14:18","guid":{"rendered":"http:\/\/www.formulagrowth.com\/family-of-funds-2\/"},"modified":"2025-06-20T15:17:44","modified_gmt":"2025-06-20T20:17:44","slug":"familles-de-fonds","status":"publish","type":"page","link":"https:\/\/www.formulagrowth.com\/fr\/familles-de-fonds\/","title":{"rendered":"FAMILLES DE FONDS"},"content":{"rendered":"<h3><\/h3>\n<p style=\"text-align: justify;\">Formula Growth Ltd. offre des strat\u00e9gies d&rsquo;investissement traditionnelles et alternatives. Pour avoir plus d&rsquo;information, veillez SVP choisir une des strat\u00e9gies suivantes:<\/p>\n<table class=\"fg-table\" border=\"0\" cellspacing=\"10\" cellpadding=\"10\">\n<tbody>\n<tr>\n<th>Fonds<\/th>\n<th>Strategies<\/th>\n<th>Style d&rsquo;investissement<\/th>\n<\/tr>\n<tr>\n<td class=\"td-grey\"><strong><a class=\"jurisdictionSensitive\" href=\"https:\/\/www.formulagrowth.com\/fr\/investment_fund\/formula-growth-fund\/\">FG Fund<\/a><\/strong><\/td>\n<td class=\"td-grey\"><strong>Fonds \u00ab\u00a0Long-Only\u00a0\u00bb<\/strong><\/td>\n<td class=\"td-grey\"><strong>Actions am\u00e9ricaines de petite et moyenne capitalisation<\/strong><\/td>\n<\/tr>\n<tr>\n<td class=\"td-grey2\"><strong><a class=\"jurisdictionSensitive\" href=\"https:\/\/www.formulagrowth.com\/fr\/investment_fund\/formula-growth-hedge-fund\/\">FG Hedge Fund<\/a><\/strong><\/td>\n<td class=\"td-grey2\" rowspan=\"3\"><strong>Fonds Directionnels \u00ab\u00a0Long\/Short\u00a0\u00bb<\/strong><\/td>\n<td class=\"td-grey2\"><strong>Actions am\u00e9ricaines de petite et moyenne capitalisation \u00ab\u00a0long short\u00a0\u00bb<\/strong><\/td>\n<\/tr>\n<tr>\n<td class=\"td-grey2\"><strong><a class=\"jurisdictionSensitive\" href=\"https:\/\/www.formulagrowth.com\/fr\/investment_fund\/formula-growth-focus-fund\/\">FG Focus Fund<\/a><\/strong><\/td>\n<td class=\"td-grey2\"><strong>Concentr\u00e9 actions am\u00e9ricaines de petite et moyenne capitalisation \u00ab\u00a0long\/short\u00a0\u00bb<\/strong><\/td>\n<\/tr>\n<tr>\n<td class=\"td-grey2\"><strong><a class=\"jurisdictionSensitive\" href=\"https:\/\/www.formulagrowth.com\/fr\/investment_fund\/formula-growth-global-opportunities-fund\/\">FG Global Opportunities Fund<\/a><\/strong><\/td>\n<td class=\"td-grey2\"><strong>Actions asiatiques \u00ab\u00a0long\/short\u00a0\u00bb<\/strong><\/td>\n<\/tr>\n<tr>\n<td><strong class=\"td-grey\"><a class=\"jurisdictionSensitive\" href=\"https:\/\/www.formulagrowth.com\/fr\/investment_fund\/formula-growth-alpha-fund\/\">FG Alpha Fund<\/a><\/strong><\/td>\n<td><strong>Fonds \u00ab\u00a0Long\/Short\u00a0\u00bb \u00e0 Exposition Directionnelle Limit\u00e9e<\/strong><\/td>\n<td><strong class=\"td-grey\">Actions am\u00e9ricaines de petite et moyenne capitalisation \u00ab\u00a0long\/short\u00a0\u00bb \u00e0 volatilit\u00e9 r\u00e9duite<\/strong><\/td>\n<\/tr>\n<\/tbody>\n<\/table>\n<div style=\"background-color: #000c60; width: 100%; padding: 10px 30px 10px 30px; text-align: center; color: #ffffff;\">\n<p>Inscrivez-vous pour recevoir des mises \u00e0 jour mensuelles sur nos fonds en <a style=\"color: #ffffff; text-decoration: underline;\" href=\"https:\/\/visitor.r20.constantcontact.com\/d.jsp?llr=6dr4x4qab&amp;p=oi&amp;m=1117756834941&amp;sit=pog8gm8ib&amp;f=34e97a79-690d-41d2-9813-b34dd73e1c52\" target=\"_blank\" rel=\"noopener noreferrer\"><strong>cliquant ici<\/strong><\/a>.<\/p>\n<\/div>\n<div class=\"su-spacer\" style=\"height:40px\"><\/div>\n<p>Pour plus d&rsquo;informations, nous vous invitons \u00e0 nous contacter au\u00a0<a href=\"mailto:info@formulagrowth.com\">info@formulagrowth.com<\/a>.<\/p>\n","protected":false},"excerpt":{"rendered":"<p>Formula Growth Ltd. offre des strat\u00e9gies d&rsquo;investissement traditionnelles et alternatives. Pour avoir plus d&rsquo;information, veillez SVP choisir une des strat\u00e9gies suivantes: Fonds Strategies Style d&rsquo;investissement FG Fund Fonds \u00ab\u00a0Long-Only\u00a0\u00bb Actions am\u00e9ricaines de petite et moyenne capitalisation FG Hedge Fund Fonds Directionnels \u00ab\u00a0Long\/Short\u00a0\u00bb Actions am\u00e9ricaines de petite et moyenne capitalisation \u00ab\u00a0long short\u00a0\u00bb FG Focus Fund Concentr\u00e9 [&hellip;]<\/p>\n","protected":false},"author":2,"featured_media":952,"parent":0,"menu_order":5,"comment_status":"closed","ping_status":"closed","template":"page-fullwidth-validation.php","meta":{"_acf_changed":false,"footnotes":""},"class_list":["post-1135","page","type-page","status-publish","has-post-thumbnail","hentry"],"acf":[],"yoast_head":"<!-- This site is optimized with the Yoast SEO plugin v27.3 - https:\/\/yoast.com\/product\/yoast-seo-wordpress\/ -->\n<title>Notre familles de fonds d&#039;investissement - Formula Growth<\/title>\n<meta name=\"description\" content=\"Nous offrons une gamme de Fonds d&#039;investissement dont les Fonds Long-Only, les Fonds de Couverture et les Fonds Neutres au March\u00e9s.\" \/>\n<meta name=\"robots\" content=\"index, follow, max-snippet:-1, max-image-preview:large, max-video-preview:-1\" \/>\n<link rel=\"canonical\" href=\"https:\/\/www.formulagrowth.com\/fr\/familles-de-fonds\/\" \/>\n<meta property=\"og:locale\" content=\"fr_FR\" \/>\n<meta property=\"og:type\" content=\"article\" \/>\n<meta property=\"og:title\" content=\"Notre familles de fonds d&#039;investissement - Formula Growth\" \/>\n<meta property=\"og:description\" content=\"Nous offrons une gamme de Fonds d&#039;investissement dont les Fonds Long-Only, les Fonds de Couverture et les Fonds Neutres au March\u00e9s.\" \/>\n<meta property=\"og:url\" content=\"https:\/\/www.formulagrowth.com\/fr\/familles-de-fonds\/\" \/>\n<meta property=\"og:site_name\" content=\"Formula Growth\" \/>\n<meta property=\"article:modified_time\" content=\"2025-06-20T20:17:44+00:00\" \/>\n<meta property=\"og:image\" content=\"https:\/\/www.formulagrowth.com\/wp-content\/uploads\/2015\/05\/montreal-skyline-thin.jpg\" \/>\n\t<meta property=\"og:image:width\" content=\"2000\" \/>\n\t<meta property=\"og:image:height\" content=\"627\" \/>\n\t<meta property=\"og:image:type\" content=\"image\/jpeg\" \/>\n<meta name=\"twitter:card\" content=\"summary_large_image\" \/>\n<meta name=\"twitter:label1\" content=\"Dur\u00e9e de lecture estim\u00e9e\" \/>\n\t<meta name=\"twitter:data1\" content=\"1 minute\" \/>\n<script type=\"application\/ld+json\" class=\"yoast-schema-graph\">{\"@context\":\"https:\\\/\\\/schema.org\",\"@graph\":[{\"@type\":\"WebPage\",\"@id\":\"https:\\\/\\\/www.formulagrowth.com\\\/fr\\\/familles-de-fonds\\\/\",\"url\":\"https:\\\/\\\/www.formulagrowth.com\\\/fr\\\/familles-de-fonds\\\/\",\"name\":\"Notre familles de fonds d'investissement - Formula Growth\",\"isPartOf\":{\"@id\":\"https:\\\/\\\/www.formulagrowth.com\\\/#website\"},\"primaryImageOfPage\":{\"@id\":\"https:\\\/\\\/www.formulagrowth.com\\\/fr\\\/familles-de-fonds\\\/#primaryimage\"},\"image\":{\"@id\":\"https:\\\/\\\/www.formulagrowth.com\\\/fr\\\/familles-de-fonds\\\/#primaryimage\"},\"thumbnailUrl\":\"https:\\\/\\\/www.formulagrowth.com\\\/wp-content\\\/uploads\\\/2015\\\/05\\\/montreal-skyline-thin.jpg\",\"datePublished\":\"2015-08-23T00:14:18+00:00\",\"dateModified\":\"2025-06-20T20:17:44+00:00\",\"description\":\"Nous offrons une gamme de Fonds d'investissement dont les Fonds Long-Only, les Fonds de Couverture et les Fonds Neutres au March\u00e9s.\",\"breadcrumb\":{\"@id\":\"https:\\\/\\\/www.formulagrowth.com\\\/fr\\\/familles-de-fonds\\\/#breadcrumb\"},\"inLanguage\":\"fr-FR\",\"potentialAction\":[{\"@type\":\"ReadAction\",\"target\":[\"https:\\\/\\\/www.formulagrowth.com\\\/fr\\\/familles-de-fonds\\\/\"]}]},{\"@type\":\"ImageObject\",\"inLanguage\":\"fr-FR\",\"@id\":\"https:\\\/\\\/www.formulagrowth.com\\\/fr\\\/familles-de-fonds\\\/#primaryimage\",\"url\":\"https:\\\/\\\/www.formulagrowth.com\\\/wp-content\\\/uploads\\\/2015\\\/05\\\/montreal-skyline-thin.jpg\",\"contentUrl\":\"https:\\\/\\\/www.formulagrowth.com\\\/wp-content\\\/uploads\\\/2015\\\/05\\\/montreal-skyline-thin.jpg\",\"width\":2000,\"height\":627},{\"@type\":\"BreadcrumbList\",\"@id\":\"https:\\\/\\\/www.formulagrowth.com\\\/fr\\\/familles-de-fonds\\\/#breadcrumb\",\"itemListElement\":[{\"@type\":\"ListItem\",\"position\":1,\"name\":\"Home\",\"item\":\"https:\\\/\\\/www.formulagrowth.com\\\/fr\\\/\"},{\"@type\":\"ListItem\",\"position\":2,\"name\":\"FAMILLES DE FONDS\"}]},{\"@type\":\"WebSite\",\"@id\":\"https:\\\/\\\/www.formulagrowth.com\\\/#website\",\"url\":\"https:\\\/\\\/www.formulagrowth.com\\\/\",\"name\":\"Formula Growth\",\"description\":\"one of Canada&#039;s oldest and top performing investment management firms\",\"potentialAction\":[{\"@type\":\"SearchAction\",\"target\":{\"@type\":\"EntryPoint\",\"urlTemplate\":\"https:\\\/\\\/www.formulagrowth.com\\\/?s={search_term_string}\"},\"query-input\":{\"@type\":\"PropertyValueSpecification\",\"valueRequired\":true,\"valueName\":\"search_term_string\"}}],\"inLanguage\":\"fr-FR\"}]}<\/script>\n<!-- \/ Yoast SEO plugin. -->","yoast_head_json":{"title":"Notre familles de fonds d'investissement - Formula Growth","description":"Nous offrons une gamme de Fonds d'investissement dont les Fonds Long-Only, les Fonds de Couverture et les Fonds Neutres au March\u00e9s.","robots":{"index":"index","follow":"follow","max-snippet":"max-snippet:-1","max-image-preview":"max-image-preview:large","max-video-preview":"max-video-preview:-1"},"canonical":"https:\/\/www.formulagrowth.com\/fr\/familles-de-fonds\/","og_locale":"fr_FR","og_type":"article","og_title":"Notre familles de fonds d'investissement - Formula Growth","og_description":"Nous offrons une gamme de Fonds d'investissement dont les Fonds Long-Only, les Fonds de Couverture et les Fonds Neutres au March\u00e9s.","og_url":"https:\/\/www.formulagrowth.com\/fr\/familles-de-fonds\/","og_site_name":"Formula Growth","article_modified_time":"2025-06-20T20:17:44+00:00","og_image":[{"width":2000,"height":627,"url":"https:\/\/www.formulagrowth.com\/wp-content\/uploads\/2015\/05\/montreal-skyline-thin.jpg","type":"image\/jpeg"}],"twitter_card":"summary_large_image","twitter_misc":{"Dur\u00e9e de lecture estim\u00e9e":"1 minute"},"schema":{"@context":"https:\/\/schema.org","@graph":[{"@type":"WebPage","@id":"https:\/\/www.formulagrowth.com\/fr\/familles-de-fonds\/","url":"https:\/\/www.formulagrowth.com\/fr\/familles-de-fonds\/","name":"Notre familles de fonds d'investissement - Formula Growth","isPartOf":{"@id":"https:\/\/www.formulagrowth.com\/#website"},"primaryImageOfPage":{"@id":"https:\/\/www.formulagrowth.com\/fr\/familles-de-fonds\/#primaryimage"},"image":{"@id":"https:\/\/www.formulagrowth.com\/fr\/familles-de-fonds\/#primaryimage"},"thumbnailUrl":"https:\/\/www.formulagrowth.com\/wp-content\/uploads\/2015\/05\/montreal-skyline-thin.jpg","datePublished":"2015-08-23T00:14:18+00:00","dateModified":"2025-06-20T20:17:44+00:00","description":"Nous offrons une gamme de Fonds d'investissement dont les Fonds Long-Only, les Fonds de Couverture et les Fonds Neutres au March\u00e9s.","breadcrumb":{"@id":"https:\/\/www.formulagrowth.com\/fr\/familles-de-fonds\/#breadcrumb"},"inLanguage":"fr-FR","potentialAction":[{"@type":"ReadAction","target":["https:\/\/www.formulagrowth.com\/fr\/familles-de-fonds\/"]}]},{"@type":"ImageObject","inLanguage":"fr-FR","@id":"https:\/\/www.formulagrowth.com\/fr\/familles-de-fonds\/#primaryimage","url":"https:\/\/www.formulagrowth.com\/wp-content\/uploads\/2015\/05\/montreal-skyline-thin.jpg","contentUrl":"https:\/\/www.formulagrowth.com\/wp-content\/uploads\/2015\/05\/montreal-skyline-thin.jpg","width":2000,"height":627},{"@type":"BreadcrumbList","@id":"https:\/\/www.formulagrowth.com\/fr\/familles-de-fonds\/#breadcrumb","itemListElement":[{"@type":"ListItem","position":1,"name":"Home","item":"https:\/\/www.formulagrowth.com\/fr\/"},{"@type":"ListItem","position":2,"name":"FAMILLES DE FONDS"}]},{"@type":"WebSite","@id":"https:\/\/www.formulagrowth.com\/#website","url":"https:\/\/www.formulagrowth.com\/","name":"Formula Growth","description":"one of Canada&#039;s oldest and top performing investment management firms","potentialAction":[{"@type":"SearchAction","target":{"@type":"EntryPoint","urlTemplate":"https:\/\/www.formulagrowth.com\/?s={search_term_string}"},"query-input":{"@type":"PropertyValueSpecification","valueRequired":true,"valueName":"search_term_string"}}],"inLanguage":"fr-FR"}]}},"_links":{"self":[{"href":"https:\/\/www.formulagrowth.com\/fr\/wp-json\/wp\/v2\/pages\/1135","targetHints":{"allow":["GET"]}}],"collection":[{"href":"https:\/\/www.formulagrowth.com\/fr\/wp-json\/wp\/v2\/pages"}],"about":[{"href":"https:\/\/www.formulagrowth.com\/fr\/wp-json\/wp\/v2\/types\/page"}],"author":[{"embeddable":true,"href":"https:\/\/www.formulagrowth.com\/fr\/wp-json\/wp\/v2\/users\/2"}],"replies":[{"embeddable":true,"href":"https:\/\/www.formulagrowth.com\/fr\/wp-json\/wp\/v2\/comments?post=1135"}],"version-history":[{"count":28,"href":"https:\/\/www.formulagrowth.com\/fr\/wp-json\/wp\/v2\/pages\/1135\/revisions"}],"predecessor-version":[{"id":8870,"href":"https:\/\/www.formulagrowth.com\/fr\/wp-json\/wp\/v2\/pages\/1135\/revisions\/8870"}],"wp:featuredmedia":[{"embeddable":true,"href":"https:\/\/www.formulagrowth.com\/fr\/wp-json\/wp\/v2\/media\/952"}],"wp:attachment":[{"href":"https:\/\/www.formulagrowth.com\/fr\/wp-json\/wp\/v2\/media?parent=1135"}],"curies":[{"name":"wp","href":"https:\/\/api.w.org\/{rel}","templated":true}]}}