{"id":234,"date":"2015-05-27T10:01:42","date_gmt":"2015-05-27T15:01:42","guid":{"rendered":"http:\/\/www.formulagrowth.com\/?page_id=234"},"modified":"2025-11-26T11:27:48","modified_gmt":"2025-11-26T16:27:48","slug":"contact","status":"publish","type":"page","link":"https:\/\/www.formulagrowth.com\/fr\/contact\/","title":{"rendered":"CONTACT"},"content":{"rendered":"<div class=\"contactSection\">\n<div class=\"contact_address\">\n<h2>FORMULA GROWTH LIMIT\u00c9E<\/h2>\n<div class=\"row\">\n<div class=\"col-md-6\">\n<address><strong>Montr\u00e9al\u00a0<\/strong><\/p>\n<p class=\"building_icon\">1010 Rue Sherbrooke Ouest\u00a0Bureau 2300<br \/>\nMontr\u00e9al, QC, H3A 2R7, Canada<\/p>\n<p><a class=\"call_icon\" href=\"tel:5142885136\">(514) 288-5136<\/a><br \/>\n<a class=\"fax_icon\" href=\"tel:5148444561\">(514) 844-4561<\/a><br \/>\n<a class=\"mail_icon\" href=\"mailto:info@formulagrowth.com\">info@formulagrowth.com<\/a><\/p>\n<\/address>\n<\/div>\n<div class=\"col-md-6\">\n<address><strong>New York <\/strong><\/p>\n<p class=\"building_icon\">1 Rockefeller Plaza, Suite 1421<br \/>\nNew York, NY, 10020, United States<\/p>\n<p><a class=\"call_icon\" href=\"tel:9172658285\">(917) 265-8285<\/a><br \/>\n<a class=\"mail_icon\" href=\"mailto:info@formulagrowth.com\">info@formulagrowth.com<\/a><\/p>\n<\/address>\n<\/div>\n<\/div>\n<\/div>\n<div style=\"background-color: #000c60; width: 100%; padding: 10px 30px 10px 30px; text-align: center; color: #ffffff;\">Inscrivez-vous pour recevoir des mises \u00e0 jour mensuelles sur nos fonds en <a style=\"color: #ffffff; text-decoration: underline;\" href=\"https:\/\/visitor.r20.constantcontact.com\/d.jsp?llr=6dr4x4qab&amp;p=oi&amp;m=1117756834941&amp;sit=pog8gm8ib&amp;f=34e97a79-690d-41d2-9813-b34dd73e1c52\" target=\"_blank\" rel=\"noopener noreferrer\"><strong>cliquant ici<\/strong><\/a>.<\/div>\n<div class=\"su-spacer\" style=\"height:40px\"><\/div>\n<p>Pour plus d\u2019informations sur nos fonds ou votre compte, nous vous invitons \u00e0 contacter notre \u00e9quipe par courriel (info@formulagrowth.ca), t\u00e9l\u00e9phone (514-288-2714), ou en utilisant le formulaire ci-dessous.<\/p>\n<div class=\"contact_form\">\n<div class=\"wpcf7 no-js\" id=\"wpcf7-f287-o1\" lang=\"fr-FR\" dir=\"ltr\" data-wpcf7-id=\"287\">\n<div class=\"screen-reader-response\"><p role=\"status\" aria-live=\"polite\" aria-atomic=\"true\"><\/p> <ul><\/ul><\/div>\n<form action=\"\/fr\/wp-json\/wp\/v2\/pages\/234#wpcf7-f287-o1\" method=\"post\" class=\"wpcf7-form init\" aria-label=\"Formulaire de contact\" novalidate=\"novalidate\" data-status=\"init\">\n<fieldset class=\"hidden-fields-container\"><input type=\"hidden\" name=\"_wpcf7\" value=\"287\" \/><input type=\"hidden\" name=\"_wpcf7_version\" value=\"6.1.5\" \/><input type=\"hidden\" name=\"_wpcf7_locale\" value=\"fr_FR\" \/><input type=\"hidden\" name=\"_wpcf7_unit_tag\" value=\"wpcf7-f287-o1\" \/><input type=\"hidden\" name=\"_wpcf7_container_post\" value=\"0\" \/><input type=\"hidden\" name=\"_wpcf7_posted_data_hash\" value=\"\" \/>\n<\/fieldset>\n<div class=\"row\">\n\t<div class=\"col-sm-6\">\n\t\t<p><span class=\"wpcf7-form-control-wrap\" data-name=\"your-name\"><input size=\"40\" maxlength=\"400\" class=\"wpcf7-form-control wpcf7-text wpcf7-validates-as-required\" aria-required=\"true\" aria-invalid=\"false\" placeholder=\"Nom\" value=\"\" type=\"text\" name=\"your-name\" \/><\/span>\n\t\t<\/p>\n\t<\/div>\n\t<div class=\"col-sm-6\">\n\t\t<p><span class=\"wpcf7-form-control-wrap\" data-name=\"your-email\"><input size=\"40\" maxlength=\"400\" class=\"wpcf7-form-control wpcf7-email wpcf7-validates-as-required wpcf7-text wpcf7-validates-as-email\" aria-required=\"true\" aria-invalid=\"false\" placeholder=\"Courriel\" value=\"\" type=\"email\" name=\"your-email\" \/><\/span>\n\t\t<\/p>\n\t<\/div>\n<\/div>\n<p><span class=\"wpcf7-form-control-wrap\" data-name=\"your-message\"><textarea cols=\"40\" rows=\"10\" maxlength=\"2000\" class=\"wpcf7-form-control wpcf7-textarea\" aria-invalid=\"false\" placeholder=\"Message\" name=\"your-message\"><\/textarea><\/span><br \/>\n<input class=\"wpcf7-form-control wpcf7-submit has-spinner\" type=\"submit\" value=\"ENVOYER\" \/>\n<\/p><p style=\"display: none !important;\" class=\"akismet-fields-container\" data-prefix=\"_wpcf7_ak_\"><label>&#916;<textarea name=\"_wpcf7_ak_hp_textarea\" cols=\"45\" rows=\"8\" maxlength=\"100\"><\/textarea><\/label><input type=\"hidden\" id=\"ak_js_1\" name=\"_wpcf7_ak_js\" value=\"205\"\/><script>document.getElementById( \"ak_js_1\" ).setAttribute( \"value\", ( new Date() ).getTime() );<\/script><\/p><div class=\"wpcf7-response-output\" aria-hidden=\"true\"><\/div>\n<\/form>\n<\/div>\n<\/div>\n<\/div>\n","protected":false},"excerpt":{"rendered":"<p>FORMULA GROWTH LIMIT\u00c9E Montr\u00e9al\u00a0 1010 Rue Sherbrooke Ouest\u00a0Bureau 2300 Montr\u00e9al, QC, H3A 2R7, Canada (514) 288-5136 (514) 844-4561 info@formulagrowth.com New York 1 Rockefeller Plaza, Suite 1421 New York, NY, 10020, United States (917) 265-8285 info@formulagrowth.com Inscrivez-vous pour recevoir des mises \u00e0 jour mensuelles sur nos fonds en cliquant ici. Pour plus d\u2019informations sur nos fonds [&hellip;]<\/p>\n","protected":false},"author":2,"featured_media":0,"parent":0,"menu_order":8,"comment_status":"closed","ping_status":"closed","template":"contact-page-template.php","meta":{"_acf_changed":false,"footnotes":""},"class_list":["post-234","page","type-page","status-publish","hentry"],"acf":[],"yoast_head":"<!-- This site is optimized with the Yoast SEO plugin v27.3 - https:\/\/yoast.com\/product\/yoast-seo-wordpress\/ -->\n<title>Formula Growth: Comment nous contacter?<\/title>\n<meta name=\"description\" content=\"Formula Growth a 3 bureaux: Montr\u00e9al (Si\u00e8ge Social), New York et Hong Kong. Voici les informations pour chaque ville.\" \/>\n<meta name=\"robots\" content=\"index, follow, max-snippet:-1, max-image-preview:large, max-video-preview:-1\" \/>\n<link rel=\"canonical\" href=\"https:\/\/www.formulagrowth.com\/fr\/contact\/\" \/>\n<meta property=\"og:locale\" content=\"fr_FR\" \/>\n<meta property=\"og:type\" content=\"article\" \/>\n<meta property=\"og:title\" content=\"Formula Growth: Comment nous contacter?\" \/>\n<meta property=\"og:description\" content=\"Formula Growth a 3 bureaux: Montr\u00e9al (Si\u00e8ge Social), New York et Hong Kong. Voici les informations pour chaque ville.\" \/>\n<meta property=\"og:url\" content=\"https:\/\/www.formulagrowth.com\/fr\/contact\/\" \/>\n<meta property=\"og:site_name\" content=\"Formula Growth\" \/>\n<meta property=\"article:modified_time\" content=\"2025-11-26T16:27:48+00:00\" \/>\n<meta name=\"twitter:card\" content=\"summary_large_image\" \/>\n<meta name=\"twitter:label1\" content=\"Dur\u00e9e de lecture estim\u00e9e\" \/>\n\t<meta name=\"twitter:data1\" content=\"1 minute\" \/>\n<script type=\"application\/ld+json\" class=\"yoast-schema-graph\">{\"@context\":\"https:\\\/\\\/schema.org\",\"@graph\":[{\"@type\":\"WebPage\",\"@id\":\"https:\\\/\\\/www.formulagrowth.com\\\/fr\\\/contact\\\/\",\"url\":\"https:\\\/\\\/www.formulagrowth.com\\\/fr\\\/contact\\\/\",\"name\":\"Formula Growth: Comment nous contacter?\",\"isPartOf\":{\"@id\":\"https:\\\/\\\/www.formulagrowth.com\\\/#website\"},\"datePublished\":\"2015-05-27T15:01:42+00:00\",\"dateModified\":\"2025-11-26T16:27:48+00:00\",\"description\":\"Formula Growth a 3 bureaux: Montr\u00e9al (Si\u00e8ge Social), New York et Hong Kong. Voici les informations pour chaque ville.\",\"breadcrumb\":{\"@id\":\"https:\\\/\\\/www.formulagrowth.com\\\/fr\\\/contact\\\/#breadcrumb\"},\"inLanguage\":\"fr-FR\",\"potentialAction\":[{\"@type\":\"ReadAction\",\"target\":[\"https:\\\/\\\/www.formulagrowth.com\\\/fr\\\/contact\\\/\"]}]},{\"@type\":\"BreadcrumbList\",\"@id\":\"https:\\\/\\\/www.formulagrowth.com\\\/fr\\\/contact\\\/#breadcrumb\",\"itemListElement\":[{\"@type\":\"ListItem\",\"position\":1,\"name\":\"Home\",\"item\":\"https:\\\/\\\/www.formulagrowth.com\\\/fr\\\/\"},{\"@type\":\"ListItem\",\"position\":2,\"name\":\"CONTACT\"}]},{\"@type\":\"WebSite\",\"@id\":\"https:\\\/\\\/www.formulagrowth.com\\\/#website\",\"url\":\"https:\\\/\\\/www.formulagrowth.com\\\/\",\"name\":\"Formula Growth\",\"description\":\"one of Canada&#039;s oldest and top performing investment management firms\",\"potentialAction\":[{\"@type\":\"SearchAction\",\"target\":{\"@type\":\"EntryPoint\",\"urlTemplate\":\"https:\\\/\\\/www.formulagrowth.com\\\/?s={search_term_string}\"},\"query-input\":{\"@type\":\"PropertyValueSpecification\",\"valueRequired\":true,\"valueName\":\"search_term_string\"}}],\"inLanguage\":\"fr-FR\"}]}<\/script>\n<!-- \/ Yoast SEO plugin. -->","yoast_head_json":{"title":"Formula Growth: Comment nous contacter?","description":"Formula Growth a 3 bureaux: Montr\u00e9al (Si\u00e8ge Social), New York et Hong Kong. Voici les informations pour chaque ville.","robots":{"index":"index","follow":"follow","max-snippet":"max-snippet:-1","max-image-preview":"max-image-preview:large","max-video-preview":"max-video-preview:-1"},"canonical":"https:\/\/www.formulagrowth.com\/fr\/contact\/","og_locale":"fr_FR","og_type":"article","og_title":"Formula Growth: Comment nous contacter?","og_description":"Formula Growth a 3 bureaux: Montr\u00e9al (Si\u00e8ge Social), New York et Hong Kong. Voici les informations pour chaque ville.","og_url":"https:\/\/www.formulagrowth.com\/fr\/contact\/","og_site_name":"Formula Growth","article_modified_time":"2025-11-26T16:27:48+00:00","twitter_card":"summary_large_image","twitter_misc":{"Dur\u00e9e de lecture estim\u00e9e":"1 minute"},"schema":{"@context":"https:\/\/schema.org","@graph":[{"@type":"WebPage","@id":"https:\/\/www.formulagrowth.com\/fr\/contact\/","url":"https:\/\/www.formulagrowth.com\/fr\/contact\/","name":"Formula Growth: Comment nous contacter?","isPartOf":{"@id":"https:\/\/www.formulagrowth.com\/#website"},"datePublished":"2015-05-27T15:01:42+00:00","dateModified":"2025-11-26T16:27:48+00:00","description":"Formula Growth a 3 bureaux: Montr\u00e9al (Si\u00e8ge Social), New York et Hong Kong. Voici les informations pour chaque ville.","breadcrumb":{"@id":"https:\/\/www.formulagrowth.com\/fr\/contact\/#breadcrumb"},"inLanguage":"fr-FR","potentialAction":[{"@type":"ReadAction","target":["https:\/\/www.formulagrowth.com\/fr\/contact\/"]}]},{"@type":"BreadcrumbList","@id":"https:\/\/www.formulagrowth.com\/fr\/contact\/#breadcrumb","itemListElement":[{"@type":"ListItem","position":1,"name":"Home","item":"https:\/\/www.formulagrowth.com\/fr\/"},{"@type":"ListItem","position":2,"name":"CONTACT"}]},{"@type":"WebSite","@id":"https:\/\/www.formulagrowth.com\/#website","url":"https:\/\/www.formulagrowth.com\/","name":"Formula Growth","description":"one of Canada&#039;s oldest and top performing investment management firms","potentialAction":[{"@type":"SearchAction","target":{"@type":"EntryPoint","urlTemplate":"https:\/\/www.formulagrowth.com\/?s={search_term_string}"},"query-input":{"@type":"PropertyValueSpecification","valueRequired":true,"valueName":"search_term_string"}}],"inLanguage":"fr-FR"}]}},"_links":{"self":[{"href":"https:\/\/www.formulagrowth.com\/fr\/wp-json\/wp\/v2\/pages\/234","targetHints":{"allow":["GET"]}}],"collection":[{"href":"https:\/\/www.formulagrowth.com\/fr\/wp-json\/wp\/v2\/pages"}],"about":[{"href":"https:\/\/www.formulagrowth.com\/fr\/wp-json\/wp\/v2\/types\/page"}],"author":[{"embeddable":true,"href":"https:\/\/www.formulagrowth.com\/fr\/wp-json\/wp\/v2\/users\/2"}],"replies":[{"embeddable":true,"href":"https:\/\/www.formulagrowth.com\/fr\/wp-json\/wp\/v2\/comments?post=234"}],"version-history":[{"count":25,"href":"https:\/\/www.formulagrowth.com\/fr\/wp-json\/wp\/v2\/pages\/234\/revisions"}],"predecessor-version":[{"id":9171,"href":"https:\/\/www.formulagrowth.com\/fr\/wp-json\/wp\/v2\/pages\/234\/revisions\/9171"}],"wp:attachment":[{"href":"https:\/\/www.formulagrowth.com\/fr\/wp-json\/wp\/v2\/media?parent=234"}],"curies":[{"name":"wp","href":"https:\/\/api.w.org\/{rel}","templated":true}]}}