{"id":237,"date":"2015-05-27T10:01:09","date_gmt":"2015-05-27T15:01:09","guid":{"rendered":"http:\/\/www.formulagrowth.com\/?page_id=237"},"modified":"2025-06-20T09:55:57","modified_gmt":"2025-06-20T14:55:57","slug":"profil-corporatif","status":"publish","type":"page","link":"https:\/\/www.formulagrowth.com\/fr\/profil-corporatif\/","title":{"rendered":"PROFIL CORPORATIF"},"content":{"rendered":"<div class=\"leader_text\">\n<div class=\"container\">\n<div class=\"leading_onword_wrpper\">\n<div class=\"leader_text\">\n<p style=\"text-align: justify;\">Formula Growth Lt\u00e9 est une soci\u00e9t\u00e9 priv\u00e9e d\u2019investissement bas\u00e9e \u00e0 Montr\u00e9al. Fond\u00e9e en 1960, l\u2019entreprise b\u00e9n\u00e9ficie d\u2019une longue exp\u00e9rience en cr\u00e9ation de richesse pour les investisseurs par la gestion de portefeuilles d\u2019actions pour des particuliers ais\u00e9s, des entreprises familiales et des investisseurs institutionnels.<\/p>\n<p>En utilisant une approche ascendante de placement, la soci\u00e9t\u00e9 cible des entreprises en croissance\u2014souvent innovantes et dirig\u00e9es par des entrepreneurs\u2014qui pr\u00e9sentent des revenus et des b\u00e9n\u00e9fices solides ou en reprise. Convaincue que les actions de petites capitalisations sont souvent n\u00e9glig\u00e9es, Formula Growth \u00e9value chaque ann\u00e9e des centaines d&rsquo;opportunit\u00e9s pour trouver des investissements sous-\u00e9valu\u00e9s avec des catalyseurs clairs et des prix cibles d\u00e9finis, g\u00e9n\u00e9ralement sur un horizon de 1 \u00e0 3 ans. Formula Growth g\u00e8re le risque en prenant des positions \u00e0 d\u00e9couvert et en utilisant des strat\u00e9gies de couverture dans ses fonds sp\u00e9culatifs, reconnaissant que les march\u00e9s \u00e9voluent constamment \u00e0 mesure que de nouvelles entreprises \u00e9mergent et que d&rsquo;autres d\u00e9clinent.<\/p>\n<p style=\"text-align: justify;\">FG s\u2019efforce de suivre les meilleures pratiques de l\u2019industrie et en tant que tel, est enregistr\u00e9 aupr\u00e8s de l\u2019AMF &amp; SEC, et est signataire de code CFA Asset Manager et du SBAI, ainsi qu&rsquo;un membre de l\u2019AIMA. Pour plus d\u2019information, visitez la section <a href=\"https:\/\/www.formulagrowth.com\/fr\/reglementation-affiliation\/\">r\u00e9glementation \/ affiliation<\/a>.<\/p>\n<h4><\/h4>\n<h4>Faits saillants<\/h4>\n<ul>\n<li>Strat\u00e9gie de placement attest\u00e9e et performante quelle que soit la conjoncture \u00e9conomique et boursi\u00e8re<\/li>\n<li>Personnel stable et comp\u00e9tent<\/li>\n<li>\u00c9quipe de recherche interne, un bureau satellite \u00e0 New York<\/li>\n<li>Services ind\u00e9pendants de gestion de portefeuille et libres de toute affiliation corporative<\/li>\n<li>Nos partenaires et employ\u00e9s investissent massivement pour leur propre compte dans les produits offerts par FG<\/li>\n<\/ul>\n<h4><\/h4>\n<h4>Structure corporative<\/h4>\n<p style=\"text-align: justify;\">Formula Growth est enti\u00e8rement ind\u00e9pendante et n\u2019est affili\u00e9e \u00e0 aucune autre soci\u00e9t\u00e9. La firme est d\u00e9tenue en totalit\u00e9 par ses partenaires qui en g\u00e8rent tous les aspects commerciaux: planification de son d\u00e9veloppement \u00e0 long terme, conception et mise en place de strat\u00e9gies de placement, gestion des activit\u00e9s courantes, etc.\u00a0L\u2019ind\u00e9pendance de Formula Growth est assur\u00e9e dans l\u2019avenir: une quatri\u00e8me g\u00e9n\u00e9ration d\u2019employ\u00e9s copropri\u00e9taires pourra prendre la rel\u00e8ve de la direction et g\u00e9rer efficacement toute transition.<\/p>\n<p style=\"text-align: justify;\">Pour en savoir davantage\u00a0sur l&rsquo;histoire de Formula Growth, nous vous invitons \u00e0 visiter la section <a href=\"https:\/\/www.formulagrowth.com\/fr\/histoire\/\">Histoire<\/a>.<\/p>\n<\/div>\n<\/div>\n<\/div>\n<\/div>\n","protected":false},"excerpt":{"rendered":"<p>Formula Growth Lt\u00e9 est une soci\u00e9t\u00e9 priv\u00e9e d\u2019investissement bas\u00e9e \u00e0 Montr\u00e9al. Fond\u00e9e en 1960, l\u2019entreprise b\u00e9n\u00e9ficie d\u2019une longue exp\u00e9rience en cr\u00e9ation de richesse pour les investisseurs par la gestion de portefeuilles d\u2019actions pour des particuliers ais\u00e9s, des entreprises familiales et des investisseurs institutionnels. En utilisant une approche ascendante de placement, la soci\u00e9t\u00e9 cible des entreprises [&hellip;]<\/p>\n","protected":false},"author":2,"featured_media":0,"parent":0,"menu_order":2,"comment_status":"open","ping_status":"closed","template":"page-ourfirm.php","meta":{"_acf_changed":false,"footnotes":""},"class_list":["post-237","page","type-page","status-publish","hentry"],"acf":[],"yoast_head":"<!-- This site is optimized with the Yoast SEO plugin v27.3 - https:\/\/yoast.com\/product\/yoast-seo-wordpress\/ -->\n<title>\u00c0 Propos - D\u00e9couvrez davantage sur l&#039;\u00e9quipe Formula Growth<\/title>\n<meta name=\"description\" content=\"Nous vous invitons \u00e0 d\u00e9couvrir davantage sur les membres de l&#039;\u00e9quipe Formula Growth. Vous pouvez nous rejoindre en tout temps \u00e0 notre bureau \u00e0 Montr\u00e9al.\" \/>\n<meta name=\"robots\" content=\"index, follow, max-snippet:-1, max-image-preview:large, max-video-preview:-1\" \/>\n<link rel=\"canonical\" href=\"https:\/\/www.formulagrowth.com\/fr\/profil-corporatif\/\" \/>\n<meta property=\"og:locale\" content=\"fr_FR\" \/>\n<meta property=\"og:type\" content=\"article\" \/>\n<meta property=\"og:title\" content=\"\u00c0 Propos - D\u00e9couvrez davantage sur l&#039;\u00e9quipe Formula Growth\" \/>\n<meta property=\"og:description\" content=\"Nous vous invitons \u00e0 d\u00e9couvrir davantage sur les membres de l&#039;\u00e9quipe Formula Growth. Vous pouvez nous rejoindre en tout temps \u00e0 notre bureau \u00e0 Montr\u00e9al.\" \/>\n<meta property=\"og:url\" content=\"https:\/\/www.formulagrowth.com\/fr\/profil-corporatif\/\" \/>\n<meta property=\"og:site_name\" content=\"Formula Growth\" \/>\n<meta property=\"article:modified_time\" content=\"2025-06-20T14:55:57+00:00\" \/>\n<meta name=\"twitter:card\" content=\"summary_large_image\" \/>\n<meta name=\"twitter:label1\" content=\"Dur\u00e9e de lecture estim\u00e9e\" \/>\n\t<meta name=\"twitter:data1\" content=\"2 minutes\" \/>\n<script type=\"application\/ld+json\" class=\"yoast-schema-graph\">{\"@context\":\"https:\\\/\\\/schema.org\",\"@graph\":[{\"@type\":\"WebPage\",\"@id\":\"https:\\\/\\\/www.formulagrowth.com\\\/fr\\\/profil-corporatif\\\/\",\"url\":\"https:\\\/\\\/www.formulagrowth.com\\\/fr\\\/profil-corporatif\\\/\",\"name\":\"\u00c0 Propos - D\u00e9couvrez davantage sur l'\u00e9quipe Formula Growth\",\"isPartOf\":{\"@id\":\"https:\\\/\\\/www.formulagrowth.com\\\/#website\"},\"datePublished\":\"2015-05-27T15:01:09+00:00\",\"dateModified\":\"2025-06-20T14:55:57+00:00\",\"description\":\"Nous vous invitons \u00e0 d\u00e9couvrir davantage sur les membres de l'\u00e9quipe Formula Growth. Vous pouvez nous rejoindre en tout temps \u00e0 notre bureau \u00e0 Montr\u00e9al.\",\"breadcrumb\":{\"@id\":\"https:\\\/\\\/www.formulagrowth.com\\\/fr\\\/profil-corporatif\\\/#breadcrumb\"},\"inLanguage\":\"fr-FR\",\"potentialAction\":[{\"@type\":\"ReadAction\",\"target\":[\"https:\\\/\\\/www.formulagrowth.com\\\/fr\\\/profil-corporatif\\\/\"]}]},{\"@type\":\"BreadcrumbList\",\"@id\":\"https:\\\/\\\/www.formulagrowth.com\\\/fr\\\/profil-corporatif\\\/#breadcrumb\",\"itemListElement\":[{\"@type\":\"ListItem\",\"position\":1,\"name\":\"Home\",\"item\":\"https:\\\/\\\/www.formulagrowth.com\\\/fr\\\/\"},{\"@type\":\"ListItem\",\"position\":2,\"name\":\"PROFIL CORPORATIF\"}]},{\"@type\":\"WebSite\",\"@id\":\"https:\\\/\\\/www.formulagrowth.com\\\/#website\",\"url\":\"https:\\\/\\\/www.formulagrowth.com\\\/\",\"name\":\"Formula Growth\",\"description\":\"one of Canada&#039;s oldest and top performing investment management firms\",\"potentialAction\":[{\"@type\":\"SearchAction\",\"target\":{\"@type\":\"EntryPoint\",\"urlTemplate\":\"https:\\\/\\\/www.formulagrowth.com\\\/?s={search_term_string}\"},\"query-input\":{\"@type\":\"PropertyValueSpecification\",\"valueRequired\":true,\"valueName\":\"search_term_string\"}}],\"inLanguage\":\"fr-FR\"}]}<\/script>\n<!-- \/ Yoast SEO plugin. -->","yoast_head_json":{"title":"\u00c0 Propos - D\u00e9couvrez davantage sur l'\u00e9quipe Formula Growth","description":"Nous vous invitons \u00e0 d\u00e9couvrir davantage sur les membres de l'\u00e9quipe Formula Growth. Vous pouvez nous rejoindre en tout temps \u00e0 notre bureau \u00e0 Montr\u00e9al.","robots":{"index":"index","follow":"follow","max-snippet":"max-snippet:-1","max-image-preview":"max-image-preview:large","max-video-preview":"max-video-preview:-1"},"canonical":"https:\/\/www.formulagrowth.com\/fr\/profil-corporatif\/","og_locale":"fr_FR","og_type":"article","og_title":"\u00c0 Propos - D\u00e9couvrez davantage sur l'\u00e9quipe Formula Growth","og_description":"Nous vous invitons \u00e0 d\u00e9couvrir davantage sur les membres de l'\u00e9quipe Formula Growth. Vous pouvez nous rejoindre en tout temps \u00e0 notre bureau \u00e0 Montr\u00e9al.","og_url":"https:\/\/www.formulagrowth.com\/fr\/profil-corporatif\/","og_site_name":"Formula Growth","article_modified_time":"2025-06-20T14:55:57+00:00","twitter_card":"summary_large_image","twitter_misc":{"Dur\u00e9e de lecture estim\u00e9e":"2 minutes"},"schema":{"@context":"https:\/\/schema.org","@graph":[{"@type":"WebPage","@id":"https:\/\/www.formulagrowth.com\/fr\/profil-corporatif\/","url":"https:\/\/www.formulagrowth.com\/fr\/profil-corporatif\/","name":"\u00c0 Propos - D\u00e9couvrez davantage sur l'\u00e9quipe Formula Growth","isPartOf":{"@id":"https:\/\/www.formulagrowth.com\/#website"},"datePublished":"2015-05-27T15:01:09+00:00","dateModified":"2025-06-20T14:55:57+00:00","description":"Nous vous invitons \u00e0 d\u00e9couvrir davantage sur les membres de l'\u00e9quipe Formula Growth. Vous pouvez nous rejoindre en tout temps \u00e0 notre bureau \u00e0 Montr\u00e9al.","breadcrumb":{"@id":"https:\/\/www.formulagrowth.com\/fr\/profil-corporatif\/#breadcrumb"},"inLanguage":"fr-FR","potentialAction":[{"@type":"ReadAction","target":["https:\/\/www.formulagrowth.com\/fr\/profil-corporatif\/"]}]},{"@type":"BreadcrumbList","@id":"https:\/\/www.formulagrowth.com\/fr\/profil-corporatif\/#breadcrumb","itemListElement":[{"@type":"ListItem","position":1,"name":"Home","item":"https:\/\/www.formulagrowth.com\/fr\/"},{"@type":"ListItem","position":2,"name":"PROFIL CORPORATIF"}]},{"@type":"WebSite","@id":"https:\/\/www.formulagrowth.com\/#website","url":"https:\/\/www.formulagrowth.com\/","name":"Formula Growth","description":"one of Canada&#039;s oldest and top performing investment management firms","potentialAction":[{"@type":"SearchAction","target":{"@type":"EntryPoint","urlTemplate":"https:\/\/www.formulagrowth.com\/?s={search_term_string}"},"query-input":{"@type":"PropertyValueSpecification","valueRequired":true,"valueName":"search_term_string"}}],"inLanguage":"fr-FR"}]}},"_links":{"self":[{"href":"https:\/\/www.formulagrowth.com\/fr\/wp-json\/wp\/v2\/pages\/237","targetHints":{"allow":["GET"]}}],"collection":[{"href":"https:\/\/www.formulagrowth.com\/fr\/wp-json\/wp\/v2\/pages"}],"about":[{"href":"https:\/\/www.formulagrowth.com\/fr\/wp-json\/wp\/v2\/types\/page"}],"author":[{"embeddable":true,"href":"https:\/\/www.formulagrowth.com\/fr\/wp-json\/wp\/v2\/users\/2"}],"replies":[{"embeddable":true,"href":"https:\/\/www.formulagrowth.com\/fr\/wp-json\/wp\/v2\/comments?post=237"}],"version-history":[{"count":24,"href":"https:\/\/www.formulagrowth.com\/fr\/wp-json\/wp\/v2\/pages\/237\/revisions"}],"predecessor-version":[{"id":8852,"href":"https:\/\/www.formulagrowth.com\/fr\/wp-json\/wp\/v2\/pages\/237\/revisions\/8852"}],"wp:attachment":[{"href":"https:\/\/www.formulagrowth.com\/fr\/wp-json\/wp\/v2\/media?parent=237"}],"curies":[{"name":"wp","href":"https:\/\/api.w.org\/{rel}","templated":true}]}}