{"id":3566,"date":"2017-06-03T14:47:08","date_gmt":"2017-06-03T19:47:08","guid":{"rendered":"http:\/\/www.formulagrowth.com\/?page_id=3566\/"},"modified":"2018-06-13T08:24:36","modified_gmt":"2018-06-13T13:24:36","slug":"comment-investir","status":"publish","type":"page","link":"https:\/\/www.formulagrowth.com\/fr\/comment-investir\/","title":{"rendered":"Comment investir"},"content":{"rendered":"<h3><\/h3>\n<div class=\"su-accordion su-u-trim\">\n<div class=\"su-spoiler su-spoiler-style-fancy su-spoiler-icon-plus my-custom-spoiler su-spoiler-closed\" data-scroll-offset=\"0\" data-anchor-in-url=\"no\"><div class=\"su-spoiler-title\" tabindex=\"0\" role=\"button\"><span class=\"su-spoiler-icon\"><\/span>Investisseurs canadiens<\/div><div class=\"su-spoiler-content su-u-clearfix su-u-trim\">\n<div class=\"su-spoiler su-spoiler-style-fancy su-spoiler-icon-plus my-custom-spoiler2 su-spoiler-closed\" data-scroll-offset=\"0\" data-anchor-in-url=\"no\"><div class=\"su-spoiler-title\" tabindex=\"0\" role=\"button\"><span class=\"su-spoiler-icon\"><\/span>Strat\u00e9gies Rendement Absolu<\/div><div class=\"su-spoiler-content su-u-clearfix su-u-trim\">\n<table style=\"border-collapse: collapse; border: 1px solid black;\" border=\"1\">\n<tbody>\n<tr>\n<th style=\"border-collapse: collapse; text-align: center; vertical-align: middle; border: 1px solid black;\">Accr\u00e9ditation d&rsquo;investisseur<\/th>\n<th style=\"border-collapse: collapse; text-align: center; vertical-align: middle; border: 1px solid black;\">Type\u00a0d&rsquo;investisseur<\/th>\n<th style=\"border-collapse: collapse; text-align: center; vertical-align: middle; border: 1px solid black;\">Documents de souscription requis<\/th>\n<\/tr>\n<tr>\n<td style=\"border-collapse: collapse; border: 1px solid black;\" rowspan=\"3\">Investisseur qualifi\u00e9<\/p>\n<ul>\n<li>Selon le questionnaire de l&rsquo;investisseur qualifi\u00e9<\/li>\n<\/ul>\n<\/td>\n<td style=\"border-collapse: collapse; text-align: center; vertical-align: middle; border: 1px solid black;\">Individu<\/td>\n<td style=\"border-collapse: collapse; vertical-align: middle; border: 1px solid black;\"><a href=\"http:\/\/www.formulagrowth.com\/wp-content\/uploads\/subdocs\/subscriptiondocumentsforaccreditedindividuals.pdf\" target=\"_blank\" rel=\"noopener noreferrer\">Documents de souscription pour les investisseurs qualifi\u00e9s : individu<\/a><\/td>\n<\/tr>\n<tr>\n<td style=\"border-collapse: collapse; text-align: center; vertical-align: middle; border: 1px solid black;\">Soci\u00e9t\u00e9<\/td>\n<td style=\"border-collapse: collapse; vertical-align: middle; border: 1px solid black;\"><a href=\"http:\/\/www.formulagrowth.com\/wp-content\/uploads\/subdocs\/subscriptiondocumentsforaccreditedcorporations.pdf\" target=\"_blank\" rel=\"noopener noreferrer\">Documents de souscription pour les investisseurs qualifi\u00e9s : soci\u00e9t\u00e9<\/a><\/td>\n<\/tr>\n<tr>\n<td style=\"border-collapse: collapse; text-align: center; vertical-align: middle; border: 1px solid black;\">Gestionnaire de portefeuille<\/td>\n<td style=\"border-collapse: collapse; vertical-align: middle; border: 1px solid black;\"><a href=\"http:\/\/www.formulagrowth.com\/wp-content\/uploads\/subdocs\/subscriptiondocumentsforaccreditedportfoliomanagers.pdf\" target=\"_blank\" rel=\"noopener noreferrer\">Documents de souscription pour les investisseurs qualifi\u00e9s : gestionnaires de portefeuille<\/a><\/p>\n<p><a href=\"http:\/\/www.formulagrowth.com\/wp-content\/uploads\/subdocs\/fgdiscretionaryaccountpurchasesheet.pdf\" target=\"_blank\" rel=\"noopener noreferrer\">Annexe C Formulaire d\u2019achat pour les comptes discr\u00e9tionnaires en format PDF<\/a><\/p>\n<p><a href=\"http:\/\/www.formulagrowth.com\/wp-content\/uploads\/subdocs\/fgdiscretionaryaccountpurchasesheet.xls\" target=\"_blank\" rel=\"noopener noreferrer\">Annexe C Formulaire d\u2019achat pour les comptes discr\u00e9tionnaires en format Excel<\/a><\/td>\n<\/tr>\n<tr>\n<td style=\"border-collapse: collapse; border: 1px solid black;\" rowspan=\"2\">Investisseur non-qualifi\u00e9<\/p>\n<ul>\n<li>Famille, amis et partenaires<\/li>\n<li>Investissement minimal de 150,000$ CA (seulement pour les soci\u00e9t\u00e9s)<\/li>\n<\/ul>\n<\/td>\n<td style=\"border-collapse: collapse; text-align: center; vertical-align: middle; border: 1px solid black;\">Individu<\/td>\n<td style=\"border-collapse: collapse; vertical-align: middle; border: 1px solid black;\"><a href=\"http:\/\/www.formulagrowth.com\/wp-content\/uploads\/subdocs\/subscriptiondocumentsfornonaccreditedindividuals.pdf\" target=\"_blank\" rel=\"noopener noreferrer\">Documents de souscription pour les investisseurs non-qualifi\u00e9s : individu<\/a><\/td>\n<\/tr>\n<tr>\n<td style=\"border-collapse: collapse; text-align: center; vertical-align: middle; border: 1px solid black;\">Soci\u00e9t\u00e9<\/td>\n<td style=\"border-collapse: collapse; vertical-align: middle; border: 1px solid black;\"><a href=\"http:\/\/www.formulagrowth.com\/wp-content\/uploads\/subdocs\/subscriptiondocumentsfornonaccreditedcorporations.pdf\" target=\"_blank\" rel=\"noopener noreferrer\">Documents de souscription pour les investisseurs non-qualifi\u00e9s : soci\u00e9t\u00e9<\/a><\/td>\n<\/tr>\n<\/tbody>\n<\/table>\n<p style=\"text-align: center;\"><em><strong>*Veuillez noter que les documents de souscription ne sont disponibles qu\u2019en anglais.\u00a0<\/strong><\/em><\/p>\n<\/div><\/div>\n<div class=\"su-spoiler su-spoiler-style-fancy su-spoiler-icon-plus my-custom-spoiler2 su-spoiler-closed\" data-scroll-offset=\"0\" data-anchor-in-url=\"no\"><div class=\"su-spoiler-title\" tabindex=\"0\" role=\"button\"><span class=\"su-spoiler-icon\"><\/span>Strat\u00e9gie Long-Only<\/div><div class=\"su-spoiler-content su-u-clearfix su-u-trim\">\n<table style=\"border-collapse: collapse; border: 1px solid black;\" border=\"1\">\n<tbody>\n<tr>\n<th style=\"border-collapse: collapse; text-align: center; vertical-align: middle; border: 1px solid black;\">Accr\u00e9ditation d&rsquo;investisseur<\/th>\n<th style=\"border-collapse: collapse; text-align: center; vertical-align: middle; border: 1px solid black;\">Type\u00a0d&rsquo;investisseur<\/th>\n<th style=\"border-collapse: collapse; text-align: center; vertical-align: middle; border: 1px solid black;\">Documents de souscription requis<\/th>\n<\/tr>\n<tr>\n<td style=\"border-collapse: collapse; border: 1px solid black;\" rowspan=\"3\">Investisseur qualifi\u00e9<\/p>\n<ul>\n<li>Selon le questionnaire de l&rsquo;investisseur qualifi\u00e9<\/li>\n<\/ul>\n<\/td>\n<td style=\"border-collapse: collapse; text-align: center; vertical-align: middle; border: 1px solid black;\">Individual<\/td>\n<td style=\"border-collapse: collapse; vertical-align: middle; border: 1px solid black;\"><a href=\"http:\/\/www.formulagrowth.com\/wp-content\/uploads\/subdocs\/fgfsubscriptiondocumentsforaccreditedindividuals.pdf\" target=\"_blank\" rel=\"noopener noreferrer\">Documents de souscription pour les investisseurs qualifi\u00e9s : individu<\/a><\/td>\n<\/tr>\n<tr>\n<td style=\"border-collapse: collapse; text-align: center; vertical-align: middle; border: 1px solid black;\">Soci\u00e9t\u00e9<\/td>\n<td style=\"border-collapse: collapse; vertical-align: middle; border: 1px solid black;\"><a href=\"http:\/\/www.formulagrowth.com\/wp-content\/uploads\/subdocs\/fgfsubscriptiondocumentsforaccreditedcorporations.pdf\" target=\"_blank\" rel=\"noopener noreferrer\">Documents de souscription pour les investisseurs qualifi\u00e9s : soci\u00e9t\u00e9<\/a><\/td>\n<\/tr>\n<tr>\n<td style=\"border-collapse: collapse; text-align: center; vertical-align: middle; border: 1px solid black;\">Gestionnaire de portefeuille<\/td>\n<td style=\"border-collapse: collapse; vertical-align: middle; border: 1px solid black;\"><a href=\"http:\/\/www.formulagrowth.com\/wp-content\/uploads\/subdocs\/fgfsubscriptiondocumentsforportfoliomanagers.pdf\" target=\"_blank\" rel=\"noopener noreferrer\">Documents de souscription pour les investisseurs qualifi\u00e9s : gestionnaires de portefeuille<\/a><\/p>\n<p><a href=\"http:\/\/www.formulagrowth.com\/wp-content\/uploads\/subdocs\/fgdiscretionaryaccountpurchasesheet.pdf\" target=\"_blank\" rel=\"noopener noreferrer\">Annexe C Formulaire d\u2019achat pour les comptes discr\u00e9tionnaires en format PDF<\/a><\/p>\n<p><a href=\"http:\/\/www.formulagrowth.com\/wp-content\/uploads\/subdocs\/fgdiscretionaryaccountpurchasesheet.xls\" target=\"_blank\" rel=\"noopener noreferrer\">Annexe C Formulaire d\u2019achat pour les comptes discr\u00e9tionnaires en format Excel<\/a><\/td>\n<\/tr>\n<tr>\n<td style=\"border-collapse: collapse; border: 1px solid black;\" rowspan=\"2\">Investisseur non-qualifi\u00e9<\/p>\n<ul>\n<li>Famille, amis et partenaires<\/li>\n<li>Investissement minimal de 150,000$ CA (seulement pour les soci\u00e9t\u00e9s)<\/li>\n<\/ul>\n<\/td>\n<td style=\"border-collapse: collapse; text-align: center; vertical-align: middle; border: 1px solid black;\">Individu<\/td>\n<td style=\"border-collapse: collapse; vertical-align: middle; border: 1px solid black;\"><a href=\"http:\/\/www.formulagrowth.com\/wp-content\/uploads\/subdocs\/fgfsubscriptiondocumentsfornonaccreditedindividuals.pdf\" target=\"_blank\" rel=\"noopener noreferrer\">Documents de souscription pour les investisseurs non-qualifi\u00e9s : individu<\/a><\/td>\n<\/tr>\n<tr>\n<td style=\"border-collapse: collapse; text-align: center; vertical-align: middle; border: 1px solid black;\">Soci\u00e9t\u00e9<\/td>\n<td style=\"border-collapse: collapse; vertical-align: middle; border: 1px solid black;\"><a href=\"http:\/\/www.formulagrowth.com\/wp-content\/uploads\/subdocs\/fgfsubscriptiondocumentsfornonaccreditedcorporations.pdf\" target=\"_blank\" rel=\"noopener noreferrer\">Documents de souscription pour les investisseurs non-qualifi\u00e9s : soci\u00e9t\u00e9<\/a><\/td>\n<\/tr>\n<\/tbody>\n<\/table>\n<p style=\"text-align: center;\"><em><strong>*Veuillez noter que les documents de souscription ne sont disponibles qu\u2019en anglais.<\/strong><\/em><\/p>\n<\/div><\/div>\n<\/div><\/div>\n<div class=\"su-spoiler su-spoiler-style-fancy su-spoiler-icon-plus my-custom-spoiler su-spoiler-closed\" data-scroll-offset=\"0\" data-anchor-in-url=\"no\"><div class=\"su-spoiler-title\" tabindex=\"0\" role=\"button\"><span class=\"su-spoiler-icon\"><\/span>Investisseurs am\u00e9ricains<\/div><div class=\"su-spoiler-content su-u-clearfix su-u-trim\">Contactez-nous pour savoir comment\u00a0investir.<\/div><\/div>\n<div class=\"su-spoiler su-spoiler-style-fancy su-spoiler-icon-plus my-custom-spoiler su-spoiler-closed\" data-scroll-offset=\"0\" data-anchor-in-url=\"no\"><div class=\"su-spoiler-title\" tabindex=\"0\" role=\"button\"><span class=\"su-spoiler-icon\"><\/span>Investisseurs internationaux<\/div><div class=\"su-spoiler-content su-u-clearfix su-u-trim\">Contactez-nous pour savoir comment\u00a0investir.<\/div><\/div>\n<\/div>\n<p>Veuillez envoyer par t\u00e9l\u00e9copieur les formulaires requis et les documents \u00e0 l\u2019appui (ou num\u00e9risez les et transmettez les par courriel, avec r\u00e9ception d\u2019une confirmation de lecture) dans les 2 jours ouvrables suivant la date de l\u2019op\u00e9ration \u00e0:<\/p>\n<p style=\"padding-left: 30px;\">Formula Growth,\u00a0Soci\u00e9t\u00e9 limit\u00e9e<br \/>\nT\u00e9l\u00e9copieur: (514) 844-4561<br \/>\nCourriel: <a href=\"mailto:info@formulagrowth.com\">info@formulagrowth.com<\/a><\/p>\n<p>Apr\u00e8s en avoir conserv\u00e9 une copie pour vos dossiers, veuillez envoyer par la poste les formulaires originaux requis et une copie des documents \u00e0 l\u2019appui \u00e0:<\/p>\n<p style=\"padding-left: 30px;\">Formula Growth,\u00a0Soci\u00e9t\u00e9 limit\u00e9e<br \/>\n1010, rue Sherbrooke Ouest, bureau 2300<br \/>\nMontr\u00e9al, Qu\u00e9bec<br \/>\nH3A 2R7<\/p>\n<p>Si vous d\u00e9sirez de plus amples renseignements,<\/p>\n<p style=\"padding-left: 30px;\">Veuillez\u00a0consulter:<\/p>\n<p style=\"padding-left: 60px;\">Page 2 des documents de souscription pour les instructions<\/p>\n<p style=\"padding-left: 30px;\">Ou veuillez communiquer avec:<\/p>\n<p style=\"padding-left: 60px;\">Formula Growth Limited<br \/>\nT\u00e9l\u00e9phone: (514) 288-5136<br \/>\nCourriel: <a href=\"mailto:info@formulagrowth.com\">info@formulagrowth.com<\/a><br \/>\nSite web: <a href=\"http:\/\/www.formulagrowth.com\">www.formulagrowth.com<\/a><\/p>\n","protected":false},"excerpt":{"rendered":"<p>Veuillez envoyer par t\u00e9l\u00e9copieur les formulaires requis et les documents \u00e0 l\u2019appui (ou num\u00e9risez les et transmettez les par courriel, avec r\u00e9ception d\u2019une confirmation de lecture) dans les 2 jours ouvrables suivant la date de l\u2019op\u00e9ration \u00e0: Formula Growth,\u00a0Soci\u00e9t\u00e9 limit\u00e9e T\u00e9l\u00e9copieur: (514) 844-4561 Courriel: info@formulagrowth.com Apr\u00e8s en avoir conserv\u00e9 une copie pour vos dossiers, veuillez [&hellip;]<\/p>\n","protected":false},"author":2,"featured_media":0,"parent":0,"menu_order":0,"comment_status":"closed","ping_status":"closed","template":"page-fullwidth-validation.php","meta":{"_acf_changed":false,"footnotes":""},"class_list":["post-3566","page","type-page","status-publish","hentry"],"acf":[],"yoast_head":"<!-- This site is optimized with the Yoast SEO plugin v27.3 - https:\/\/yoast.com\/product\/yoast-seo-wordpress\/ -->\n<title>Comment investir - Formula Growth<\/title>\n<meta name=\"robots\" content=\"index, follow, max-snippet:-1, max-image-preview:large, max-video-preview:-1\" \/>\n<link rel=\"canonical\" href=\"https:\/\/www.formulagrowth.com\/fr\/comment-investir\/\" \/>\n<meta property=\"og:locale\" content=\"fr_FR\" \/>\n<meta property=\"og:type\" content=\"article\" \/>\n<meta property=\"og:title\" content=\"Comment investir - Formula Growth\" \/>\n<meta property=\"og:description\" content=\"Veuillez envoyer par t\u00e9l\u00e9copieur les formulaires requis et les documents \u00e0 l\u2019appui (ou num\u00e9risez les et transmettez les par courriel, avec r\u00e9ception d\u2019une confirmation de lecture) dans les 2 jours ouvrables suivant la date de l\u2019op\u00e9ration \u00e0: Formula Growth,\u00a0Soci\u00e9t\u00e9 limit\u00e9e T\u00e9l\u00e9copieur: (514) 844-4561 Courriel: info@formulagrowth.com Apr\u00e8s en avoir conserv\u00e9 une copie pour vos dossiers, veuillez [&hellip;]\" \/>\n<meta property=\"og:url\" content=\"https:\/\/www.formulagrowth.com\/fr\/comment-investir\/\" \/>\n<meta property=\"og:site_name\" content=\"Formula Growth\" \/>\n<meta property=\"article:modified_time\" content=\"2018-06-13T13:24:36+00:00\" \/>\n<meta name=\"twitter:card\" content=\"summary_large_image\" \/>\n<meta name=\"twitter:label1\" content=\"Dur\u00e9e de lecture estim\u00e9e\" \/>\n\t<meta name=\"twitter:data1\" content=\"2 minutes\" \/>\n<script type=\"application\/ld+json\" class=\"yoast-schema-graph\">{\"@context\":\"https:\\\/\\\/schema.org\",\"@graph\":[{\"@type\":\"WebPage\",\"@id\":\"https:\\\/\\\/www.formulagrowth.com\\\/fr\\\/comment-investir\\\/\",\"url\":\"https:\\\/\\\/www.formulagrowth.com\\\/fr\\\/comment-investir\\\/\",\"name\":\"Comment investir - Formula Growth\",\"isPartOf\":{\"@id\":\"https:\\\/\\\/www.formulagrowth.com\\\/#website\"},\"datePublished\":\"2017-06-03T19:47:08+00:00\",\"dateModified\":\"2018-06-13T13:24:36+00:00\",\"breadcrumb\":{\"@id\":\"https:\\\/\\\/www.formulagrowth.com\\\/fr\\\/comment-investir\\\/#breadcrumb\"},\"inLanguage\":\"fr-FR\",\"potentialAction\":[{\"@type\":\"ReadAction\",\"target\":[\"https:\\\/\\\/www.formulagrowth.com\\\/fr\\\/comment-investir\\\/\"]}]},{\"@type\":\"BreadcrumbList\",\"@id\":\"https:\\\/\\\/www.formulagrowth.com\\\/fr\\\/comment-investir\\\/#breadcrumb\",\"itemListElement\":[{\"@type\":\"ListItem\",\"position\":1,\"name\":\"Home\",\"item\":\"https:\\\/\\\/www.formulagrowth.com\\\/fr\\\/\"},{\"@type\":\"ListItem\",\"position\":2,\"name\":\"Comment investir\"}]},{\"@type\":\"WebSite\",\"@id\":\"https:\\\/\\\/www.formulagrowth.com\\\/#website\",\"url\":\"https:\\\/\\\/www.formulagrowth.com\\\/\",\"name\":\"Formula Growth\",\"description\":\"one of Canada&#039;s oldest and top performing investment management firms\",\"potentialAction\":[{\"@type\":\"SearchAction\",\"target\":{\"@type\":\"EntryPoint\",\"urlTemplate\":\"https:\\\/\\\/www.formulagrowth.com\\\/?s={search_term_string}\"},\"query-input\":{\"@type\":\"PropertyValueSpecification\",\"valueRequired\":true,\"valueName\":\"search_term_string\"}}],\"inLanguage\":\"fr-FR\"}]}<\/script>\n<!-- \/ Yoast SEO plugin. -->","yoast_head_json":{"title":"Comment investir - Formula Growth","robots":{"index":"index","follow":"follow","max-snippet":"max-snippet:-1","max-image-preview":"max-image-preview:large","max-video-preview":"max-video-preview:-1"},"canonical":"https:\/\/www.formulagrowth.com\/fr\/comment-investir\/","og_locale":"fr_FR","og_type":"article","og_title":"Comment investir - Formula Growth","og_description":"Veuillez envoyer par t\u00e9l\u00e9copieur les formulaires requis et les documents \u00e0 l\u2019appui (ou num\u00e9risez les et transmettez les par courriel, avec r\u00e9ception d\u2019une confirmation de lecture) dans les 2 jours ouvrables suivant la date de l\u2019op\u00e9ration \u00e0: Formula Growth,\u00a0Soci\u00e9t\u00e9 limit\u00e9e T\u00e9l\u00e9copieur: (514) 844-4561 Courriel: info@formulagrowth.com Apr\u00e8s en avoir conserv\u00e9 une copie pour vos dossiers, veuillez [&hellip;]","og_url":"https:\/\/www.formulagrowth.com\/fr\/comment-investir\/","og_site_name":"Formula Growth","article_modified_time":"2018-06-13T13:24:36+00:00","twitter_card":"summary_large_image","twitter_misc":{"Dur\u00e9e de lecture estim\u00e9e":"2 minutes"},"schema":{"@context":"https:\/\/schema.org","@graph":[{"@type":"WebPage","@id":"https:\/\/www.formulagrowth.com\/fr\/comment-investir\/","url":"https:\/\/www.formulagrowth.com\/fr\/comment-investir\/","name":"Comment investir - Formula Growth","isPartOf":{"@id":"https:\/\/www.formulagrowth.com\/#website"},"datePublished":"2017-06-03T19:47:08+00:00","dateModified":"2018-06-13T13:24:36+00:00","breadcrumb":{"@id":"https:\/\/www.formulagrowth.com\/fr\/comment-investir\/#breadcrumb"},"inLanguage":"fr-FR","potentialAction":[{"@type":"ReadAction","target":["https:\/\/www.formulagrowth.com\/fr\/comment-investir\/"]}]},{"@type":"BreadcrumbList","@id":"https:\/\/www.formulagrowth.com\/fr\/comment-investir\/#breadcrumb","itemListElement":[{"@type":"ListItem","position":1,"name":"Home","item":"https:\/\/www.formulagrowth.com\/fr\/"},{"@type":"ListItem","position":2,"name":"Comment investir"}]},{"@type":"WebSite","@id":"https:\/\/www.formulagrowth.com\/#website","url":"https:\/\/www.formulagrowth.com\/","name":"Formula Growth","description":"one of Canada&#039;s oldest and top performing investment management firms","potentialAction":[{"@type":"SearchAction","target":{"@type":"EntryPoint","urlTemplate":"https:\/\/www.formulagrowth.com\/?s={search_term_string}"},"query-input":{"@type":"PropertyValueSpecification","valueRequired":true,"valueName":"search_term_string"}}],"inLanguage":"fr-FR"}]}},"_links":{"self":[{"href":"https:\/\/www.formulagrowth.com\/fr\/wp-json\/wp\/v2\/pages\/3566","targetHints":{"allow":["GET"]}}],"collection":[{"href":"https:\/\/www.formulagrowth.com\/fr\/wp-json\/wp\/v2\/pages"}],"about":[{"href":"https:\/\/www.formulagrowth.com\/fr\/wp-json\/wp\/v2\/types\/page"}],"author":[{"embeddable":true,"href":"https:\/\/www.formulagrowth.com\/fr\/wp-json\/wp\/v2\/users\/2"}],"replies":[{"embeddable":true,"href":"https:\/\/www.formulagrowth.com\/fr\/wp-json\/wp\/v2\/comments?post=3566"}],"version-history":[{"count":16,"href":"https:\/\/www.formulagrowth.com\/fr\/wp-json\/wp\/v2\/pages\/3566\/revisions"}],"predecessor-version":[{"id":4525,"href":"https:\/\/www.formulagrowth.com\/fr\/wp-json\/wp\/v2\/pages\/3566\/revisions\/4525"}],"wp:attachment":[{"href":"https:\/\/www.formulagrowth.com\/fr\/wp-json\/wp\/v2\/media?parent=3566"}],"curies":[{"name":"wp","href":"https:\/\/api.w.org\/{rel}","templated":true}]}}