{"id":3666,"date":"2017-06-29T14:26:24","date_gmt":"2017-06-29T19:26:24","guid":{"rendered":"http:\/\/www.formulagrowth.com\/?page_id=3666\/"},"modified":"2025-10-07T10:25:08","modified_gmt":"2025-10-07T15:25:08","slug":"reglementation-affiliation","status":"publish","type":"page","link":"https:\/\/www.formulagrowth.com\/fr\/reglementation-affiliation\/","title":{"rendered":"R\u00e9glementation \/ Affiliation"},"content":{"rendered":"<h2>Formula Growth (FG) est enregistr\u00e9 avec les organismes r\u00e8glementaires suivants:<\/h2>\n<div class=\"su-spacer\" style=\"height:20px\"><\/div>\n<h3>Autorit\u00e9 des March\u00e9s Financiers (AMF)<\/h3>\n<p>Formula Growth Limited est enregistr\u00e9 avec l\u2019AMF en tant que gestionnaire de portefeuille, gestionnaire de fonds de placement et en tant que courtier sur le march\u00e9 dispens\u00e9. Pour v\u00e9rifier l\u2019enregistrement de FG, cliquez sur <a href=\"https:\/\/lautorite.qc.ca\/en\/general-public\/registers\/register-of-firms-and-individuals-authorized-to-practice\" target=\"_blank\" rel=\"noopener noreferrer\">ce lien<\/a> et recherchez \u00abFormula Growth Limited\u00bb.<\/p>\n<div class=\"su-spacer\" style=\"height:10px\"><\/div>\n<h3>U.S. Securities and Exchange Commission (SEC)<\/h3>\n<p>Formula Growth Limited et Formula Growth Management Corporation sont enregistr\u00e9 avec la SEC en tant que gestionnaire de fonds de placement. Pour v\u00e9rifier l\u2019enregistrement de FG, cliquez sur <a href=\"https:\/\/adviserinfo.sec.gov\/firm\/summary\/163245\" target=\"_blank\" rel=\"noopener noreferrer\">ce lien<\/a> pour voir le document ADV section 1 et 2<\/p>\n<h3><div class=\"su-spacer\" style=\"height:20px\"><\/div><\/h3>\n<h2>Formula Growth (FG) est un signataire et membre des organisations suivantes:<\/h2>\n<div class=\"su-spacer\" style=\"height:20px\"><\/div>\n<h3>CFA Asset Manager Code\u00a0<a href=\"https:\/\/compliancetracking.cfainstitute.org\/amc-firm-list\" target=\"_blank\" rel=\"noopener noreferrer\"><img loading=\"lazy\" decoding=\"async\" class=\"wp-image-6623\" src=\"https:\/\/www.formulagrowth.com\/wp-content\/uploads\/2017\/06\/cfai-300x65.png\" alt=\"\" width=\"98\" height=\"21\" srcset=\"https:\/\/www.formulagrowth.com\/wp-content\/uploads\/2017\/06\/cfai-300x65.png 300w, https:\/\/www.formulagrowth.com\/wp-content\/uploads\/2017\/06\/cfai.png 724w\" sizes=\"auto, (max-width: 98px) 100vw, 98px\" \/><\/a><\/h3>\n<p>Pour v\u00e9rifier l\u2019enregistrement de FG, cliquez sur <a href=\"https:\/\/compliancetracking.cfainstitute.org\/amc-firm-list\" target=\"_blank\" rel=\"noopener noreferrer\">ce lien.<\/a><br \/>\n<div class=\"su-spacer\" style=\"height:10px\"><\/div>\n<h3>Standards Board for Alternative Investments (SBAI)\u00a0<img loading=\"lazy\" decoding=\"async\" class=\"alignnone wp-image-6613 \" src=\"https:\/\/www.formulagrowth.com\/wp-content\/uploads\/dec_21-1.jpg\" alt=\"\" width=\"43\" height=\"29\" \/><\/h3>\n<p>Pour v\u00e9rifier l\u2019enregistrement de FG, cliquez sur <a href=\"https:\/\/www.sbai.org\/signatories.html?_gl=1*w3y80e*_up*MQ..*_ga*MTgzNTAwODI5Ny4xNzU5ODUwNjI3*_ga_SWJRFX5PK8*czE3NTk4NTA2MjUkbzEkZzAkdDE3NTk4NTA2MjUkajYwJGwwJGgw\" target=\"_blank\" rel=\"noopener noreferrer\">ce lien.<\/a><br \/>\n<div class=\"su-spacer\" style=\"height:10px\"><\/div>\n<h3>Alternative Investment Management Industry (AIMA)\u00a0<a href=\"https:\/\/www.aima.org\/\" target=\"_blank\" rel=\"noopener noreferrer\"><img loading=\"lazy\" decoding=\"async\" class=\"wp-image-6621\" src=\"https:\/\/www.formulagrowth.com\/wp-content\/uploads\/2017\/06\/aima.png\" alt=\"\" width=\"32\" height=\"31\" srcset=\"https:\/\/www.formulagrowth.com\/wp-content\/uploads\/2017\/06\/aima.png 205w, https:\/\/www.formulagrowth.com\/wp-content\/uploads\/2017\/06\/aima-150x150.png 150w, https:\/\/www.formulagrowth.com\/wp-content\/uploads\/2017\/06\/aima-45x45.png 45w\" sizes=\"auto, (max-width: 32px) 100vw, 32px\" \/><\/a><\/h3>\n<p>Pour plus d\u2019information, consultez le site de <a href=\"https:\/\/www.aima.org\/\" target=\"_blank\" rel=\"noopener noreferrer\">l\u2019AIMA<\/a>.<\/p>\n<div class=\"su-spacer\" style=\"height:10px\"><\/div>\n","protected":false},"excerpt":{"rendered":"<p>Formula Growth (FG) est enregistr\u00e9 avec les organismes r\u00e8glementaires suivants: Autorit\u00e9 des March\u00e9s Financiers (AMF) Formula Growth Limited est enregistr\u00e9 avec l\u2019AMF en tant que gestionnaire de portefeuille, gestionnaire de fonds de placement et en tant que courtier sur le march\u00e9 dispens\u00e9. Pour v\u00e9rifier l\u2019enregistrement de FG, cliquez sur ce lien et recherchez \u00abFormula Growth [&hellip;]<\/p>\n","protected":false},"author":2,"featured_media":0,"parent":0,"menu_order":0,"comment_status":"closed","ping_status":"closed","template":"page-fullwidth.php","meta":{"_acf_changed":false,"footnotes":""},"class_list":["post-3666","page","type-page","status-publish","hentry"],"acf":[],"yoast_head":"<!-- This site is optimized with the Yoast SEO plugin v27.3 - https:\/\/yoast.com\/product\/yoast-seo-wordpress\/ -->\n<title>R\u00e9glementation \/ Affiliation - Formula Growth<\/title>\n<meta name=\"robots\" content=\"index, follow, max-snippet:-1, max-image-preview:large, max-video-preview:-1\" \/>\n<link rel=\"canonical\" href=\"https:\/\/www.formulagrowth.com\/fr\/reglementation-affiliation\/\" \/>\n<meta property=\"og:locale\" content=\"fr_FR\" \/>\n<meta property=\"og:type\" content=\"article\" \/>\n<meta property=\"og:title\" content=\"R\u00e9glementation \/ Affiliation - Formula Growth\" \/>\n<meta property=\"og:description\" content=\"Formula Growth (FG) est enregistr\u00e9 avec les organismes r\u00e8glementaires suivants: Autorit\u00e9 des March\u00e9s Financiers (AMF) Formula Growth Limited est enregistr\u00e9 avec l\u2019AMF en tant que gestionnaire de portefeuille, gestionnaire de fonds de placement et en tant que courtier sur le march\u00e9 dispens\u00e9. Pour v\u00e9rifier l\u2019enregistrement de FG, cliquez sur ce lien et recherchez \u00abFormula Growth [&hellip;]\" \/>\n<meta property=\"og:url\" content=\"https:\/\/www.formulagrowth.com\/fr\/reglementation-affiliation\/\" \/>\n<meta property=\"og:site_name\" content=\"Formula Growth\" \/>\n<meta property=\"article:modified_time\" content=\"2025-10-07T15:25:08+00:00\" \/>\n<meta property=\"og:image\" content=\"https:\/\/www.formulagrowth.com\/wp-content\/uploads\/2017\/06\/cfai.png\" \/>\n\t<meta property=\"og:image:width\" content=\"724\" \/>\n\t<meta property=\"og:image:height\" content=\"157\" \/>\n\t<meta property=\"og:image:type\" content=\"image\/png\" \/>\n<meta name=\"twitter:card\" content=\"summary_large_image\" \/>\n<meta name=\"twitter:label1\" content=\"Dur\u00e9e de lecture estim\u00e9e\" \/>\n\t<meta name=\"twitter:data1\" content=\"2 minutes\" \/>\n<script type=\"application\/ld+json\" class=\"yoast-schema-graph\">{\"@context\":\"https:\\\/\\\/schema.org\",\"@graph\":[{\"@type\":\"WebPage\",\"@id\":\"https:\\\/\\\/www.formulagrowth.com\\\/fr\\\/reglementation-affiliation\\\/\",\"url\":\"https:\\\/\\\/www.formulagrowth.com\\\/fr\\\/reglementation-affiliation\\\/\",\"name\":\"R\u00e9glementation \\\/ Affiliation - Formula Growth\",\"isPartOf\":{\"@id\":\"https:\\\/\\\/www.formulagrowth.com\\\/#website\"},\"primaryImageOfPage\":{\"@id\":\"https:\\\/\\\/www.formulagrowth.com\\\/fr\\\/reglementation-affiliation\\\/#primaryimage\"},\"image\":{\"@id\":\"https:\\\/\\\/www.formulagrowth.com\\\/fr\\\/reglementation-affiliation\\\/#primaryimage\"},\"thumbnailUrl\":\"https:\\\/\\\/www.formulagrowth.com\\\/wp-content\\\/uploads\\\/2017\\\/06\\\/cfai-300x65.png\",\"datePublished\":\"2017-06-29T19:26:24+00:00\",\"dateModified\":\"2025-10-07T15:25:08+00:00\",\"breadcrumb\":{\"@id\":\"https:\\\/\\\/www.formulagrowth.com\\\/fr\\\/reglementation-affiliation\\\/#breadcrumb\"},\"inLanguage\":\"fr-FR\",\"potentialAction\":[{\"@type\":\"ReadAction\",\"target\":[\"https:\\\/\\\/www.formulagrowth.com\\\/fr\\\/reglementation-affiliation\\\/\"]}]},{\"@type\":\"ImageObject\",\"inLanguage\":\"fr-FR\",\"@id\":\"https:\\\/\\\/www.formulagrowth.com\\\/fr\\\/reglementation-affiliation\\\/#primaryimage\",\"url\":\"https:\\\/\\\/www.formulagrowth.com\\\/wp-content\\\/uploads\\\/2017\\\/06\\\/cfai-300x65.png\",\"contentUrl\":\"https:\\\/\\\/www.formulagrowth.com\\\/wp-content\\\/uploads\\\/2017\\\/06\\\/cfai-300x65.png\"},{\"@type\":\"BreadcrumbList\",\"@id\":\"https:\\\/\\\/www.formulagrowth.com\\\/fr\\\/reglementation-affiliation\\\/#breadcrumb\",\"itemListElement\":[{\"@type\":\"ListItem\",\"position\":1,\"name\":\"Home\",\"item\":\"https:\\\/\\\/www.formulagrowth.com\\\/fr\\\/\"},{\"@type\":\"ListItem\",\"position\":2,\"name\":\"R\u00e9glementation \\\/ Affiliation\"}]},{\"@type\":\"WebSite\",\"@id\":\"https:\\\/\\\/www.formulagrowth.com\\\/#website\",\"url\":\"https:\\\/\\\/www.formulagrowth.com\\\/\",\"name\":\"Formula Growth\",\"description\":\"one of Canada&#039;s oldest and top performing investment management firms\",\"potentialAction\":[{\"@type\":\"SearchAction\",\"target\":{\"@type\":\"EntryPoint\",\"urlTemplate\":\"https:\\\/\\\/www.formulagrowth.com\\\/?s={search_term_string}\"},\"query-input\":{\"@type\":\"PropertyValueSpecification\",\"valueRequired\":true,\"valueName\":\"search_term_string\"}}],\"inLanguage\":\"fr-FR\"}]}<\/script>\n<!-- \/ Yoast SEO plugin. -->","yoast_head_json":{"title":"R\u00e9glementation \/ Affiliation - Formula Growth","robots":{"index":"index","follow":"follow","max-snippet":"max-snippet:-1","max-image-preview":"max-image-preview:large","max-video-preview":"max-video-preview:-1"},"canonical":"https:\/\/www.formulagrowth.com\/fr\/reglementation-affiliation\/","og_locale":"fr_FR","og_type":"article","og_title":"R\u00e9glementation \/ Affiliation - Formula Growth","og_description":"Formula Growth (FG) est enregistr\u00e9 avec les organismes r\u00e8glementaires suivants: Autorit\u00e9 des March\u00e9s Financiers (AMF) Formula Growth Limited est enregistr\u00e9 avec l\u2019AMF en tant que gestionnaire de portefeuille, gestionnaire de fonds de placement et en tant que courtier sur le march\u00e9 dispens\u00e9. Pour v\u00e9rifier l\u2019enregistrement de FG, cliquez sur ce lien et recherchez \u00abFormula Growth [&hellip;]","og_url":"https:\/\/www.formulagrowth.com\/fr\/reglementation-affiliation\/","og_site_name":"Formula Growth","article_modified_time":"2025-10-07T15:25:08+00:00","og_image":[{"width":724,"height":157,"url":"https:\/\/www.formulagrowth.com\/wp-content\/uploads\/2017\/06\/cfai.png","type":"image\/png"}],"twitter_card":"summary_large_image","twitter_misc":{"Dur\u00e9e de lecture estim\u00e9e":"2 minutes"},"schema":{"@context":"https:\/\/schema.org","@graph":[{"@type":"WebPage","@id":"https:\/\/www.formulagrowth.com\/fr\/reglementation-affiliation\/","url":"https:\/\/www.formulagrowth.com\/fr\/reglementation-affiliation\/","name":"R\u00e9glementation \/ Affiliation - Formula Growth","isPartOf":{"@id":"https:\/\/www.formulagrowth.com\/#website"},"primaryImageOfPage":{"@id":"https:\/\/www.formulagrowth.com\/fr\/reglementation-affiliation\/#primaryimage"},"image":{"@id":"https:\/\/www.formulagrowth.com\/fr\/reglementation-affiliation\/#primaryimage"},"thumbnailUrl":"https:\/\/www.formulagrowth.com\/wp-content\/uploads\/2017\/06\/cfai-300x65.png","datePublished":"2017-06-29T19:26:24+00:00","dateModified":"2025-10-07T15:25:08+00:00","breadcrumb":{"@id":"https:\/\/www.formulagrowth.com\/fr\/reglementation-affiliation\/#breadcrumb"},"inLanguage":"fr-FR","potentialAction":[{"@type":"ReadAction","target":["https:\/\/www.formulagrowth.com\/fr\/reglementation-affiliation\/"]}]},{"@type":"ImageObject","inLanguage":"fr-FR","@id":"https:\/\/www.formulagrowth.com\/fr\/reglementation-affiliation\/#primaryimage","url":"https:\/\/www.formulagrowth.com\/wp-content\/uploads\/2017\/06\/cfai-300x65.png","contentUrl":"https:\/\/www.formulagrowth.com\/wp-content\/uploads\/2017\/06\/cfai-300x65.png"},{"@type":"BreadcrumbList","@id":"https:\/\/www.formulagrowth.com\/fr\/reglementation-affiliation\/#breadcrumb","itemListElement":[{"@type":"ListItem","position":1,"name":"Home","item":"https:\/\/www.formulagrowth.com\/fr\/"},{"@type":"ListItem","position":2,"name":"R\u00e9glementation \/ Affiliation"}]},{"@type":"WebSite","@id":"https:\/\/www.formulagrowth.com\/#website","url":"https:\/\/www.formulagrowth.com\/","name":"Formula Growth","description":"one of Canada&#039;s oldest and top performing investment management firms","potentialAction":[{"@type":"SearchAction","target":{"@type":"EntryPoint","urlTemplate":"https:\/\/www.formulagrowth.com\/?s={search_term_string}"},"query-input":{"@type":"PropertyValueSpecification","valueRequired":true,"valueName":"search_term_string"}}],"inLanguage":"fr-FR"}]}},"_links":{"self":[{"href":"https:\/\/www.formulagrowth.com\/fr\/wp-json\/wp\/v2\/pages\/3666","targetHints":{"allow":["GET"]}}],"collection":[{"href":"https:\/\/www.formulagrowth.com\/fr\/wp-json\/wp\/v2\/pages"}],"about":[{"href":"https:\/\/www.formulagrowth.com\/fr\/wp-json\/wp\/v2\/types\/page"}],"author":[{"embeddable":true,"href":"https:\/\/www.formulagrowth.com\/fr\/wp-json\/wp\/v2\/users\/2"}],"replies":[{"embeddable":true,"href":"https:\/\/www.formulagrowth.com\/fr\/wp-json\/wp\/v2\/comments?post=3666"}],"version-history":[{"count":24,"href":"https:\/\/www.formulagrowth.com\/fr\/wp-json\/wp\/v2\/pages\/3666\/revisions"}],"predecessor-version":[{"id":9068,"href":"https:\/\/www.formulagrowth.com\/fr\/wp-json\/wp\/v2\/pages\/3666\/revisions\/9068"}],"wp:attachment":[{"href":"https:\/\/www.formulagrowth.com\/fr\/wp-json\/wp\/v2\/media?parent=3666"}],"curies":[{"name":"wp","href":"https:\/\/api.w.org\/{rel}","templated":true}]}}