{"id":484,"date":"2015-07-14T17:33:06","date_gmt":"2015-07-14T22:33:06","guid":{"rendered":"http:\/\/www.formulagrowth.com\/?page_id=484"},"modified":"2025-06-20T09:50:46","modified_gmt":"2025-06-20T14:50:46","slug":"histoire","status":"publish","type":"page","link":"https:\/\/www.formulagrowth.com\/fr\/histoire\/","title":{"rendered":"HISTOIRE"},"content":{"rendered":"<h2>Les d\u00e9buts de Formula Growth<\/h2>\n<p style=\"text-align: justify;\">Formula Growth Limited (\u00abFG\u00bb) est une firme ind\u00e9pendante sp\u00e9cialis\u00e9e dans le conseil en investissement. Fond\u00e9e en 1960 par John Dobson, FG est reconnue tr\u00e8s t\u00f4t pour les performances notables de ses placements dans des titres de croissance. Ce succ\u00e8s est d\u00e8s lors imputable \u00e0 l\u2019approche ascendante de placement sur laquelle repose la gestion du Fonds Formula Growth (\u00abFFG\u00bb). Ce fonds, le premier produit de la soci\u00e9t\u00e9, est compos\u00e9 uniquement de positions longues. \u00c0 ses d\u00e9buts, FG offre ses services de gestion aux particuliers fortun\u00e9s. Elle s\u2019engage aussi en f\u00e9vrier 1976, dans la gestion d\u2019actifs pour les clients institutionnels. Pour cela, FG cr\u00e9e un second fonds, Formula Unit Trust, centr\u00e9 exclusivement sur les titres am\u00e9ricains de croissance.<\/p>\n<p><b>Une gamme de fonds \u00e9toff\u00e9e<\/b><\/p>\n<p style=\"text-align: justify;\">La volatilit\u00e9 des rendements inh\u00e9rentes aux strat\u00e9gies bas\u00e9es uniquement sur l\u2019investissement dans des actions de croissance via des positions longues m\u00e8nent \u00e0 la cr\u00e9ation, en d\u00e9cembre 2002, du Fonds Hedge Formula Growth (\u00abFHFG\u00bb). FHFG consiste \u00e0 investir dans des positions longues et \u00e0 d\u00e9couvert sur le march\u00e9 am\u00e9ricain des actions. Cette nouvelle strat\u00e9gie permet \u00e0 FG d\u2019accro\u00eetre sa flexibilit\u00e9 et ses capacit\u00e9s de gestion de portefeuille par le renforcement de la gestion des risques, les op\u00e9rations de vente \u00e0 d\u00e9couvert et une exposition variable au march\u00e9. Dans la foul\u00e9e du succ\u00e8s remport\u00e9 par le FHFG, le Fonds Global Opportunities FG (\u00abFGOFG\u00bb) voit le jour en janvier 2009.<\/p>\n<p style=\"text-align: justify;\">Ce fonds repose sur l\u2019investissement dans des actions \u00e0 l\u2019\u00e9chelle globale via des positions longues et \u00e0 d\u00e9couvert. Cette strat\u00e9gie prend appui sur l\u2019exp\u00e9rience in\u00e9dite acquise par FG au fil des ans dans la gestion de positions longues et \u00e0 d\u00e9couvert dans des titres de soci\u00e9t\u00e9s de croissance \u00e9tablies dans la r\u00e9gion Asie-Pacifique ou positionn\u00e9es pour tirer profit de l\u2019essor de cette r\u00e9gion.<\/p>\n<p style=\"text-align: justify;\">En 2011, FG travaille \u00e0 l\u2019\u00e9laboration et au d\u00e9veloppement de la plateforme Alpha. Elle lance donc le fonds FG Alpha. Compos\u00e9s de positions longues et \u00e0 d\u00e9couvert, ce fonds d\u2019action \u00e0 strat\u00e9gie directionnelle est con\u00e7us pour r\u00e9pondre aux besoins des investisseurs institutionnels qui souhaitent r\u00e9duire la volatilit\u00e9 de leurs portefeuilles.<\/p>\n<div>\n<div id=\"tw-target\">\n<div id=\"kAz1tf\">\n<div id=\"tw-target-text-container\" tabindex=\"0\">\n<p dir=\"ltr\" data-placeholder=\"Translation\">En mars 2014, le Fonds Formula Growth Focus <span lang=\"fr\">(FFFG)<\/span> a \u00e9t\u00e9 lanc\u00e9 en tant que fonds opportuniste, permettant au gestionnaire d\u2019ajuster l\u2019exposition nette de mani\u00e8re flexible, bien que le fonds pr\u00e9sente g\u00e9n\u00e9ralement un biais long. Le gestionnaire recherchera des investissements opportunistes, sur un horizon de placement plus court.<\/p>\n<\/div>\n<\/div>\n<\/div>\n<\/div>\n<p style=\"text-align: justify;\">Pr\u00e9sente \u00e0 Montr\u00e9al depuis 1960, FG dispose aujourd\u2019hui d&rsquo;un bureau de recherche \u00e0 New York, ce qui accro\u00eet consid\u00e9rablement nos capacit\u00e9s de recherche aux \u00c9tats-Unis et dans les march\u00e9s mondiaux.<\/p>\n<h2>John Dobson, MBA (1928 &#8211; 2013) &#8211;\u00a0Fondateur de Formula Growth\u00a0Limit\u00e9<\/h2>\n<p style=\"text-align: justify;\">John Dobson nait \u00e0 Montr\u00e9al en 1928. Son p\u00e8re, banquier, devient Pr\u00e9sident de la Banque Royale du Canada apr\u00e8s avoir en gravi tous les \u00e9chelons hi\u00e9rarchiques. De parents issus de Nouvelle-\u00c9cosse (son p\u00e8re \u00e9tait natif de Sydney et sa m\u00e8re de Truro), John grandit \u00e0 Montr\u00e9al o\u00f9 il obtient en 1949 un Baccalaur\u00e9at en commerce de l\u2019Universit\u00e9 McGill. En 1952, John obtient un MBA de l\u2019Universit\u00e9 Harvard.<\/p>\n<p style=\"text-align: justify;\">Au cours de ses \u00e9tudes en MBA \u00e0 Havard, John a suivi le cours sur la gestion des petites entreprises. Cette exposition pr\u00e9coce au monde des affaires et son exp\u00e9rience en enseignement l\u2019ont sensibilis\u00e9 au r\u00f4le important des universit\u00e9s. En effet, il estime que leur participation est essentielle pour stimuler esprit d\u2019entreprise et approche communautaire entrepreneuriale et ainsi favoriser le d\u00e9veloppement \u00e9conomique et la cr\u00e9ation d\u2019emplois. \u00c0 ses yeux, le mod\u00e8le d\u2019enseignement pr\u00e9conis\u00e9 par Harvard, lequel regroupe aujourd\u2019hui 22 enseignants en entrepreneuriat, gagnerait \u00e0 se propager au Canada.<\/p>\n<p style=\"text-align: justify;\"><img loading=\"lazy\" decoding=\"async\" class=\"alignleft size-full wp-image-801\" src=\"http:\/\/www.formulagrowth.com\/wp-content\/uploads\/2015\/07\/John-Dobson2.jpg\" alt=\"John-Dobson2\" width=\"400\" height=\"600\" srcset=\"https:\/\/www.formulagrowth.com\/wp-content\/uploads\/2015\/07\/John-Dobson2.jpg 400w, https:\/\/www.formulagrowth.com\/wp-content\/uploads\/2015\/07\/John-Dobson2-200x300.jpg 200w\" sizes=\"auto, (max-width: 400px) 100vw, 400px\" \/>En 1986, John cr\u00e9e la Fondation John Dobson en vue de \u00ab\u00a0parfaire l\u2019\u00e9ducation du public \u00e0 la libre entreprise et aux activit\u00e9s entrepreneuriales au Canada\u00a0\u00bb. Cette fondation soutient une grande vari\u00e9t\u00e9 de communaut\u00e9s entrepreneuriales dans la r\u00e9alisation de leur mandat, notamment l\u2019Institut canadien de recherches avanc\u00e9es, la Fondation des services d\u2019emploi pour les jeunes de Montr\u00e9al (organisme qui chaque ann\u00e9e vient en aide \u00e0 plus de 2100 jeunes marginalis\u00e9s) et jeunes entreprises ainsi que de nombreux autres organismes de bienfaisance et fondations communautaires.<\/p>\n<p style=\"text-align: justify;\">John est le premier parrain de l\u2019Association of Collegiate Entrepreneurs, un regroupement \u00e9tudiant d\u2019envergure nationale qui promeut la formation en entrepreneuriat. Il est \u00e9galement membre de 5 grands groupes de r\u00e9flexion sur l\u2019\u00e9conomie canadienne.<\/p>\n<p style=\"text-align: justify;\">John a d\u00e9but\u00e9 sa carri\u00e8re professionnelle chez Dominion Engineering. Il a par la suite travaill\u00e9 pour la firme de placement montr\u00e9alaise C. J. Hodgson. Ces exp\u00e9riences de travail ont \u00e9veill\u00e9 chez John le d\u00e9sir de voler de ses propres ailes. En 1960, il fonde le Fonds Formula Growth, l\u2019un des tout premiers fonds communs de placement au Canada et l\u2019un des fonds les plus performants de l\u2019histoire sur la sc\u00e8ne canadienne.<\/p>\n<p style=\"text-align: justify;\">\u00c0 la fin des ann\u00e9es 1950, John enseigne, avec des dipl\u00f4m\u00e9s de l\u2019Universit\u00e9 Harvard et des chefs d\u2019entreprise montr\u00e9alais, la strat\u00e9gie d\u2019entreprise dans le cadre d\u2019un programme d\u2019enseignement parrain\u00e9 par la Chambre de commerce du Montr\u00e9al m\u00e9tropolitain. Par la suite, ce programme est int\u00e9gr\u00e9 au cursus de l\u2019Universit\u00e9 McGill pour devenir l\u2019Institut des cadres McGill.<\/p>\n<p style=\"text-align: justify;\">En 1989, la Fondation John Dobson cr\u00e9e le Centre Dobson d\u2019\u00e9tudes sur l\u2019entrepreneuriat de l\u2019Universit\u00e9 McGill. Ce centre d\u2019enseignement demeure \u00e0 ce jour l\u2019activit\u00e9 ma\u00eetresse de la Fondation John Dobson. La Fondation cr\u00e9e par la suite le McGill Entrepreneurial Skill Development Program\u00a0et, aujourd\u2019hui, de nombreux programmes entrepreneuriaux existent en commerce, MBA, ing\u00e9nierie et sciences. En 2020, pour faire avancer la vision de John Dobson pour un Canada entrepreneurial, la Fondation a fait <a href=\"https:\/\/www.mcgill.ca\/newsroom\/channels\/news\/dobson-centre-receives-3m-gift-bolster-entrepreneurship-mcgill-323288\">un don de 3 millions de dollars<\/a> pour aider le Centre \u00e0 continuer de favoriser l&rsquo;innovation et \u00e0 renforcer le soutien aux \u00e9tudiants, aux professeurs et aux membres de la communaut\u00e9 int\u00e9ress\u00e9s par l&rsquo;entrepreneuriat. Cela fait suite \u00e0 <a href=\"https:\/\/www.mcgill.ca\/channels\/channels\/news\/john-dobson-foundation-donates-2-million-support-entrepreneurship-mcgill-268977\">un don de 2 millions de dollars<\/a> pour le programme McGill X-1 Accelerator en 2017.<\/p>\n<p style=\"text-align: justify;\">La Fondation John Dobson contribue aujourd\u2019hui au d\u00e9veloppement de l\u2019entrepreneuriat dans de nombreuses universit\u00e9s canadiennes. Au fil des ans, la Fondation a permis de perfectionner l\u2019enseignement en entrepreneuriat offert dans ces institutions et de mettre en place des r\u00e9seaux r\u00e9gionaux et nationaux regroupant des \u00e9ducateurs sp\u00e9cialis\u00e9s et des consultants aupr\u00e8s des petites entreprises. Tout ceci contribue \u00e0 cr\u00e9er des synergies et suscite une coop\u00e9ration sans pr\u00e9c\u00e9dent.<\/p>\n<p style=\"text-align: justify;\">En 1996, l\u2019Universit\u00e9 McGill d\u00e9cerne un Doctorat honorifique \u00e0 John Dobson. En 2002, l\u2019Universit\u00e9 Concordia fait de m\u00eame. En 1992, John re\u00e7oit le McGill University Management Achievement Award. Enfin, en 1997, il est d\u00e9cor\u00e9 de l\u2019Ordre du Canada.<\/p>\n<p style=\"text-align: justify;\">Par ses comp\u00e9tences \u00e9tendues en mati\u00e8re de gestion et son sens aigu des affaires, John a contribu\u00e9, en tant que membre b\u00e9n\u00e9vole, au bon fonctionnement de nombreux organismes dont le Conseil d\u2019administration de l\u2019Institut Fraser, le Conseil consultatif international de la Facult\u00e9 de gestion de l\u2019Universit\u00e9 McGill et le Comit\u00e9 de v\u00e9rification et des finances de l\u2019Universit\u00e9 McGill.<\/p>\n<p style=\"text-align: justify;\">En plus de son d\u00e9vouement ind\u00e9fectible pour la communaut\u00e9, l\u2019\u00e9ducation et l\u2019entrepreneuriat, John nourrit une grande passion pour le golf. Il a \u00e9t\u00e9 membre et Directeur du Comit\u00e9 ex\u00e9cutif de l\u2019Association de golf du Qu\u00e9bec et de l\u2019Association royale de golf du Canada. John a \u00e9galement \u00e9t\u00e9 Directeur honoraire de l\u2019Association des golfeurs professionnels du Qu\u00e9bec. Au cours de sa vie, John a jou\u00e9 sur plus de 1000 parcours dans le monde.<\/p>\n<h2 style=\"text-align: justify;\">Visitez <a href=\"https:\/\/www.formulagrowth.com\/fr\/up-and-to-the-right\/\">cette page<\/a> pour obtenir\u00a0le livre\u00a0\u00a0\u00ab\u00a0Up and to the Right\u00a0\u00bb par\u00a0Craig Toomey (en Anglais)<\/h2>\n","protected":false},"excerpt":{"rendered":"<p>Les d\u00e9buts de Formula Growth Formula Growth Limited (\u00abFG\u00bb) est une firme ind\u00e9pendante sp\u00e9cialis\u00e9e dans le conseil en investissement. Fond\u00e9e en 1960 par John Dobson, FG est reconnue tr\u00e8s t\u00f4t pour les performances notables de ses placements dans des titres de croissance. Ce succ\u00e8s est d\u00e8s lors imputable \u00e0 l\u2019approche ascendante de placement sur laquelle [&hellip;]<\/p>\n","protected":false},"author":2,"featured_media":570,"parent":0,"menu_order":3,"comment_status":"open","ping_status":"closed","template":"page-fullwidth.php","meta":{"_acf_changed":false,"footnotes":""},"class_list":["post-484","page","type-page","status-publish","has-post-thumbnail","hentry"],"acf":[],"yoast_head":"<!-- This site is optimized with the Yoast SEO plugin v27.3 - https:\/\/yoast.com\/product\/yoast-seo-wordpress\/ -->\n<title>D\u00e9couvrez davantage sur notre histoire - Formula Growth<\/title>\n<meta name=\"description\" content=\"Fonds Formula Growth, l\u2019un des tout premiers fonds communs de placement au Canada et l\u2019un des fonds les plus performants de l\u2019histoire canadienne.\" \/>\n<meta name=\"robots\" content=\"index, follow, max-snippet:-1, max-image-preview:large, max-video-preview:-1\" \/>\n<link rel=\"canonical\" href=\"https:\/\/www.formulagrowth.com\/fr\/histoire\/\" \/>\n<meta property=\"og:locale\" content=\"fr_FR\" \/>\n<meta property=\"og:type\" content=\"article\" \/>\n<meta property=\"og:title\" content=\"D\u00e9couvrez davantage sur notre histoire - Formula Growth\" \/>\n<meta property=\"og:description\" content=\"Fonds Formula Growth, l\u2019un des tout premiers fonds communs de placement au Canada et l\u2019un des fonds les plus performants de l\u2019histoire canadienne.\" \/>\n<meta property=\"og:url\" content=\"https:\/\/www.formulagrowth.com\/fr\/histoire\/\" \/>\n<meta property=\"og:site_name\" content=\"Formula Growth\" \/>\n<meta property=\"article:modified_time\" content=\"2025-06-20T14:50:46+00:00\" \/>\n<meta property=\"og:image\" content=\"https:\/\/www.formulagrowth.com\/wp-content\/uploads\/2015\/07\/skyscrapers_blue_sky-wallpaper-1920x1080.jpg\" \/>\n\t<meta property=\"og:image:width\" content=\"1920\" \/>\n\t<meta property=\"og:image:height\" content=\"1080\" \/>\n\t<meta property=\"og:image:type\" content=\"image\/jpeg\" \/>\n<meta name=\"twitter:card\" content=\"summary_large_image\" \/>\n<meta name=\"twitter:label1\" content=\"Dur\u00e9e de lecture estim\u00e9e\" \/>\n\t<meta name=\"twitter:data1\" content=\"6 minutes\" \/>\n<script type=\"application\/ld+json\" class=\"yoast-schema-graph\">{\"@context\":\"https:\\\/\\\/schema.org\",\"@graph\":[{\"@type\":\"WebPage\",\"@id\":\"https:\\\/\\\/www.formulagrowth.com\\\/fr\\\/histoire\\\/\",\"url\":\"https:\\\/\\\/www.formulagrowth.com\\\/fr\\\/histoire\\\/\",\"name\":\"D\u00e9couvrez davantage sur notre histoire - Formula Growth\",\"isPartOf\":{\"@id\":\"https:\\\/\\\/www.formulagrowth.com\\\/#website\"},\"primaryImageOfPage\":{\"@id\":\"https:\\\/\\\/www.formulagrowth.com\\\/fr\\\/histoire\\\/#primaryimage\"},\"image\":{\"@id\":\"https:\\\/\\\/www.formulagrowth.com\\\/fr\\\/histoire\\\/#primaryimage\"},\"thumbnailUrl\":\"https:\\\/\\\/www.formulagrowth.com\\\/wp-content\\\/uploads\\\/2015\\\/07\\\/skyscrapers_blue_sky-wallpaper-1920x1080.jpg\",\"datePublished\":\"2015-07-14T22:33:06+00:00\",\"dateModified\":\"2025-06-20T14:50:46+00:00\",\"description\":\"Fonds Formula Growth, l\u2019un des tout premiers fonds communs de placement au Canada et l\u2019un des fonds les plus performants de l\u2019histoire canadienne.\",\"breadcrumb\":{\"@id\":\"https:\\\/\\\/www.formulagrowth.com\\\/fr\\\/histoire\\\/#breadcrumb\"},\"inLanguage\":\"fr-FR\",\"potentialAction\":[{\"@type\":\"ReadAction\",\"target\":[\"https:\\\/\\\/www.formulagrowth.com\\\/fr\\\/histoire\\\/\"]}]},{\"@type\":\"ImageObject\",\"inLanguage\":\"fr-FR\",\"@id\":\"https:\\\/\\\/www.formulagrowth.com\\\/fr\\\/histoire\\\/#primaryimage\",\"url\":\"https:\\\/\\\/www.formulagrowth.com\\\/wp-content\\\/uploads\\\/2015\\\/07\\\/skyscrapers_blue_sky-wallpaper-1920x1080.jpg\",\"contentUrl\":\"https:\\\/\\\/www.formulagrowth.com\\\/wp-content\\\/uploads\\\/2015\\\/07\\\/skyscrapers_blue_sky-wallpaper-1920x1080.jpg\",\"width\":1920,\"height\":1080},{\"@type\":\"BreadcrumbList\",\"@id\":\"https:\\\/\\\/www.formulagrowth.com\\\/fr\\\/histoire\\\/#breadcrumb\",\"itemListElement\":[{\"@type\":\"ListItem\",\"position\":1,\"name\":\"Home\",\"item\":\"https:\\\/\\\/www.formulagrowth.com\\\/fr\\\/\"},{\"@type\":\"ListItem\",\"position\":2,\"name\":\"HISTOIRE\"}]},{\"@type\":\"WebSite\",\"@id\":\"https:\\\/\\\/www.formulagrowth.com\\\/#website\",\"url\":\"https:\\\/\\\/www.formulagrowth.com\\\/\",\"name\":\"Formula Growth\",\"description\":\"one of Canada&#039;s oldest and top performing investment management firms\",\"potentialAction\":[{\"@type\":\"SearchAction\",\"target\":{\"@type\":\"EntryPoint\",\"urlTemplate\":\"https:\\\/\\\/www.formulagrowth.com\\\/?s={search_term_string}\"},\"query-input\":{\"@type\":\"PropertyValueSpecification\",\"valueRequired\":true,\"valueName\":\"search_term_string\"}}],\"inLanguage\":\"fr-FR\"}]}<\/script>\n<!-- \/ Yoast SEO plugin. -->","yoast_head_json":{"title":"D\u00e9couvrez davantage sur notre histoire - Formula Growth","description":"Fonds Formula Growth, l\u2019un des tout premiers fonds communs de placement au Canada et l\u2019un des fonds les plus performants de l\u2019histoire canadienne.","robots":{"index":"index","follow":"follow","max-snippet":"max-snippet:-1","max-image-preview":"max-image-preview:large","max-video-preview":"max-video-preview:-1"},"canonical":"https:\/\/www.formulagrowth.com\/fr\/histoire\/","og_locale":"fr_FR","og_type":"article","og_title":"D\u00e9couvrez davantage sur notre histoire - Formula Growth","og_description":"Fonds Formula Growth, l\u2019un des tout premiers fonds communs de placement au Canada et l\u2019un des fonds les plus performants de l\u2019histoire canadienne.","og_url":"https:\/\/www.formulagrowth.com\/fr\/histoire\/","og_site_name":"Formula Growth","article_modified_time":"2025-06-20T14:50:46+00:00","og_image":[{"width":1920,"height":1080,"url":"https:\/\/www.formulagrowth.com\/wp-content\/uploads\/2015\/07\/skyscrapers_blue_sky-wallpaper-1920x1080.jpg","type":"image\/jpeg"}],"twitter_card":"summary_large_image","twitter_misc":{"Dur\u00e9e de lecture estim\u00e9e":"6 minutes"},"schema":{"@context":"https:\/\/schema.org","@graph":[{"@type":"WebPage","@id":"https:\/\/www.formulagrowth.com\/fr\/histoire\/","url":"https:\/\/www.formulagrowth.com\/fr\/histoire\/","name":"D\u00e9couvrez davantage sur notre histoire - Formula Growth","isPartOf":{"@id":"https:\/\/www.formulagrowth.com\/#website"},"primaryImageOfPage":{"@id":"https:\/\/www.formulagrowth.com\/fr\/histoire\/#primaryimage"},"image":{"@id":"https:\/\/www.formulagrowth.com\/fr\/histoire\/#primaryimage"},"thumbnailUrl":"https:\/\/www.formulagrowth.com\/wp-content\/uploads\/2015\/07\/skyscrapers_blue_sky-wallpaper-1920x1080.jpg","datePublished":"2015-07-14T22:33:06+00:00","dateModified":"2025-06-20T14:50:46+00:00","description":"Fonds Formula Growth, l\u2019un des tout premiers fonds communs de placement au Canada et l\u2019un des fonds les plus performants de l\u2019histoire canadienne.","breadcrumb":{"@id":"https:\/\/www.formulagrowth.com\/fr\/histoire\/#breadcrumb"},"inLanguage":"fr-FR","potentialAction":[{"@type":"ReadAction","target":["https:\/\/www.formulagrowth.com\/fr\/histoire\/"]}]},{"@type":"ImageObject","inLanguage":"fr-FR","@id":"https:\/\/www.formulagrowth.com\/fr\/histoire\/#primaryimage","url":"https:\/\/www.formulagrowth.com\/wp-content\/uploads\/2015\/07\/skyscrapers_blue_sky-wallpaper-1920x1080.jpg","contentUrl":"https:\/\/www.formulagrowth.com\/wp-content\/uploads\/2015\/07\/skyscrapers_blue_sky-wallpaper-1920x1080.jpg","width":1920,"height":1080},{"@type":"BreadcrumbList","@id":"https:\/\/www.formulagrowth.com\/fr\/histoire\/#breadcrumb","itemListElement":[{"@type":"ListItem","position":1,"name":"Home","item":"https:\/\/www.formulagrowth.com\/fr\/"},{"@type":"ListItem","position":2,"name":"HISTOIRE"}]},{"@type":"WebSite","@id":"https:\/\/www.formulagrowth.com\/#website","url":"https:\/\/www.formulagrowth.com\/","name":"Formula Growth","description":"one of Canada&#039;s oldest and top performing investment management firms","potentialAction":[{"@type":"SearchAction","target":{"@type":"EntryPoint","urlTemplate":"https:\/\/www.formulagrowth.com\/?s={search_term_string}"},"query-input":{"@type":"PropertyValueSpecification","valueRequired":true,"valueName":"search_term_string"}}],"inLanguage":"fr-FR"}]}},"_links":{"self":[{"href":"https:\/\/www.formulagrowth.com\/fr\/wp-json\/wp\/v2\/pages\/484","targetHints":{"allow":["GET"]}}],"collection":[{"href":"https:\/\/www.formulagrowth.com\/fr\/wp-json\/wp\/v2\/pages"}],"about":[{"href":"https:\/\/www.formulagrowth.com\/fr\/wp-json\/wp\/v2\/types\/page"}],"author":[{"embeddable":true,"href":"https:\/\/www.formulagrowth.com\/fr\/wp-json\/wp\/v2\/users\/2"}],"replies":[{"embeddable":true,"href":"https:\/\/www.formulagrowth.com\/fr\/wp-json\/wp\/v2\/comments?post=484"}],"version-history":[{"count":29,"href":"https:\/\/www.formulagrowth.com\/fr\/wp-json\/wp\/v2\/pages\/484\/revisions"}],"predecessor-version":[{"id":8845,"href":"https:\/\/www.formulagrowth.com\/fr\/wp-json\/wp\/v2\/pages\/484\/revisions\/8845"}],"wp:featuredmedia":[{"embeddable":true,"href":"https:\/\/www.formulagrowth.com\/fr\/wp-json\/wp\/v2\/media\/570"}],"wp:attachment":[{"href":"https:\/\/www.formulagrowth.com\/fr\/wp-json\/wp\/v2\/media?parent=484"}],"curies":[{"name":"wp","href":"https:\/\/api.w.org\/{rel}","templated":true}]}}