{"id":544,"date":"2015-07-14T19:29:50","date_gmt":"2015-07-14T23:29:50","guid":{"rendered":"http:\/\/www.formulagrowth.com\/?page_id=544"},"modified":"2025-06-20T15:08:37","modified_gmt":"2025-06-20T20:08:37","slug":"strategie-de-placement","status":"publish","type":"page","link":"https:\/\/www.formulagrowth.com\/fr\/strategie-de-placement\/","title":{"rendered":"STRAT\u00c9GIE DE PLACEMENT"},"content":{"rendered":"<h3><\/h3>\n<p style=\"text-align: justify;\">Formula Growth poss\u00e8de une connaissance approfondie des actions de petite et moyenne capitalisation. Les membres de notre \u00e9quipe veillent \u00e0 identifier les investissements aux perspectives prometteuses dans ce segment qui est \u00e0 la fois vaste et peu explor\u00e9 par les investisseurs.<\/p>\n<hr \/>\n<div class=\"su-row\"><div class=\"su-column su-column-size-1-4\"><div class=\"su-column-inner su-u-clearfix su-u-trim\"><img loading=\"lazy\" decoding=\"async\" class=\"aligncenter size-full wp-image-1699\" src=\"http:\/\/www.formulagrowth.com\/wp-content\/uploads\/2015\/07\/Lightbulb.jpg\" alt=\"Lightbulb\" width=\"60\" height=\"60\" srcset=\"https:\/\/www.formulagrowth.com\/wp-content\/uploads\/2015\/07\/Lightbulb.jpg 60w, https:\/\/www.formulagrowth.com\/wp-content\/uploads\/2015\/07\/Lightbulb-45x45.jpg 45w\" sizes=\"auto, (max-width: 60px) 100vw, 60px\" \/><\/p>\n<h3 style=\"text-align: center;\">CONCEPTION D&rsquo;ID\u00c9E<\/h3>\n<\/div><\/div><div class=\"su-column su-column-size-3-4\"><div class=\"su-column-inner su-u-clearfix su-u-trim\">\n<ul>\n<li>\u00c9quipe d\u2019investissement exp\u00e9riment\u00e9e, constamment \u00e0 la recherche d\u2019id\u00e9es et appliquant une prise de d\u00e9cision rigoureuse pour construire des portefeuilles<\/li>\n<li>Chaque professionnel de l\u2019investissement poss\u00e8de g\u00e9n\u00e9ralement 2 \u00e0 3 secteurs d\u2019expertise, avec certains recoupements<\/li>\n<li>R\u00e9seau \u00e9tendu avec des relations r\u00e9gionales d\u00e9velopp\u00e9es depuis plus de 60 ans<\/li>\n<li>Des milliers d\u2019entreprises \u00e9tudi\u00e9es enregistr\u00e9es dans notre base de donn\u00e9es interne<\/li>\n<li>Rencontres avec plus de 1 000 \u00e9quipes de direction par an<\/li>\n<li>Voyages fr\u00e9quents et bureau de recherche international \u00e0 New York<\/li>\n<\/ul>\n<\/div><\/div><\/div>\n<hr \/>\n<div class=\"su-row\"><div class=\"su-column su-column-size-1-4\"><div class=\"su-column-inner su-u-clearfix su-u-trim\"><img loading=\"lazy\" decoding=\"async\" class=\"aligncenter size-full wp-image-1703\" src=\"http:\/\/www.formulagrowth.com\/wp-content\/uploads\/2015\/07\/Microscope.jpg\" alt=\"Microscope\" width=\"60\" height=\"60\" srcset=\"https:\/\/www.formulagrowth.com\/wp-content\/uploads\/2015\/07\/Microscope.jpg 60w, https:\/\/www.formulagrowth.com\/wp-content\/uploads\/2015\/07\/Microscope-45x45.jpg 45w\" sizes=\"auto, (max-width: 60px) 100vw, 60px\" \/><\/p>\n<h3 style=\"text-align: center;\">PROCESSUS DE RECHERCHE<\/h3>\n<\/div><\/div><div class=\"su-column su-column-size-3-4\"><div class=\"su-column-inner su-u-clearfix su-u-trim\">\n<p style=\"text-align: justify;\">Formula Growth \u00e9value tout nouvel investissement en se fondant notamment sur ces \u00e9l\u00e9ments:<\/p>\n<ul>\n<li>Croissance, ou reprise de la croissance, \u00e0 un prix raisonnable<\/li>\n<li>Rendement recherch\u00e9 sup\u00e9rieur \u00e0 20% sur un horizon de placement de 6 \u00e0 18 mois<\/li>\n<li>Am\u00e9lioration et croissance des multiples compar\u00e9 aux pr\u00e9visions<\/li>\n<li>Catalyseurs<\/li>\n<\/ul>\n<p style=\"text-align: justify;\">Notre \u00e9quipe est constamment \u00e0 la recherche de nouveaux investissements. L\u2019\u00e9valuation fondamentale nous permet d\u2019identifier les investissements sous-estim\u00e9s et les titres sous-\u00e9valu\u00e9s pour effectuer nos positions longues. En g\u00e9n\u00e9ral, ces soci\u00e9t\u00e9s:<\/p>\n<ul>\n<li>Affichent des revenus et des b\u00e9n\u00e9fices qui croissent \u00e0 un rythme soutenu et sup\u00e9rieur aux estimations des investisseurs<\/li>\n<li>Traversent une phase de reprise cyclique dans leur secteur d\u2019activit\u00e9<\/li>\n<li>Sont engag\u00e9es dans un processus de restructuration ou de r\u00e9duction des co\u00fbts pour accro\u00eetre leur rentabilit\u00e9<\/li>\n<li>\u00c9voluent dans un secteur \u00e0 faible valorisation<\/li>\n<li>Voient le cours de leur action temporairement fragilis\u00e9 par des \u00e9v\u00e9nements passagers<\/li>\n<\/ul>\n<p style=\"text-align: justify;\">Les positions \u00e0 d\u00e9couvert portent quant \u00e0 elles sur des entreprises dont l\u2019action est sur\u00e9valu\u00e9e, dont le mod\u00e8le \u00e9conomique est d\u00e9faillant ou le secteur d\u2019activit\u00e9 est sous pression. Normalement, ces soci\u00e9t\u00e9s:<\/p>\n<ul>\n<li>Subissent un ralentissement conjoncturel et doivent resserrer leurs marges b\u00e9n\u00e9ficiaires<\/li>\n<li>Sont soumises \u00e0 une concurrence accrue susceptible d\u2019effriter de leurs parts de march\u00e9, leurs revenus et leurs b\u00e9n\u00e9fices<\/li>\n<li>Pr\u00e9sentent un risque \u00e9lev\u00e9 de cessation de paiement<\/li>\n<li>Sur\u00e9valuent leurs profits et flux de tr\u00e9sorerie<\/li>\n<\/ul>\n<\/div><\/div><\/div>\n<hr \/>\n<p><!--[su_row][su_column size=\"1\/3\"]<img loading=\"lazy\" decoding=\"async\" class=\"aligncenter size-full wp-image-1699\" src=\"http:\/\/www.formulagrowth.com\/wp-content\/uploads\/2015\/07\/Lightbulb.jpg\" alt=\"Lightbulb\" width=\"60\" height=\"60\" srcset=\"https:\/\/www.formulagrowth.com\/wp-content\/uploads\/2015\/07\/Lightbulb.jpg 60w, https:\/\/www.formulagrowth.com\/wp-content\/uploads\/2015\/07\/Lightbulb-45x45.jpg 45w\" sizes=\"auto, (max-width: 60px) 100vw, 60px\" \/>[\/su_column] [su_column size=\"1\/3\"]<img loading=\"lazy\" decoding=\"async\" class=\"aligncenter size-full wp-image-1703\" src=\"http:\/\/www.formulagrowth.com\/wp-content\/uploads\/2015\/07\/Microscope.jpg\" alt=\"Microscope\" width=\"60\" height=\"60\" srcset=\"https:\/\/www.formulagrowth.com\/wp-content\/uploads\/2015\/07\/Microscope.jpg 60w, https:\/\/www.formulagrowth.com\/wp-content\/uploads\/2015\/07\/Microscope-45x45.jpg 45w\" sizes=\"auto, (max-width: 60px) 100vw, 60px\" \/>[\/su_column] [su_column size=\"1\/3\"]<img loading=\"lazy\" decoding=\"async\" class=\"aligncenter size-full wp-image-1702\" src=\"http:\/\/www.formulagrowth.com\/wp-content\/uploads\/2015\/07\/Gears.jpg\" alt=\"Gears\" width=\"60\" height=\"60\" srcset=\"https:\/\/www.formulagrowth.com\/wp-content\/uploads\/2015\/07\/Gears.jpg 60w, https:\/\/www.formulagrowth.com\/wp-content\/uploads\/2015\/07\/Gears-45x45.jpg 45w\" sizes=\"auto, (max-width: 60px) 100vw, 60px\" \/>[\/su_column][\/su_row]--><\/p>\n<div class=\"su-row\"><div class=\"su-column su-column-size-1-4\"><div class=\"su-column-inner su-u-clearfix su-u-trim\"><img loading=\"lazy\" decoding=\"async\" class=\"aligncenter size-full wp-image-1702\" src=\"http:\/\/www.formulagrowth.com\/wp-content\/uploads\/2015\/07\/Gears.jpg\" alt=\"Gears\" width=\"60\" height=\"60\" srcset=\"https:\/\/www.formulagrowth.com\/wp-content\/uploads\/2015\/07\/Gears.jpg 60w, https:\/\/www.formulagrowth.com\/wp-content\/uploads\/2015\/07\/Gears-45x45.jpg 45w\" sizes=\"auto, (max-width: 60px) 100vw, 60px\" \/><\/p>\n<h3 style=\"text-align: center;\">MISE EN OEUVRE<\/h3>\n<h3 style=\"text-align: center;\"><span style=\"font-size: 16px;\"><\/div><\/div><div class=\"su-column su-column-size-3-4\"><div class=\"su-column-inner su-u-clearfix su-u-trim\"><\/span><\/h3>\n<ul>\n<li>Les gestionnaires sont responsables des allocations et des positions dans les portefeuilles<\/li>\n<li>L&rsquo;allocation est une fonction de conviction, limite de portefeuille et liquidit\u00e9<\/li>\n<li>Chaque fonds b\u00e9n\u00e9ficie d&rsquo;une plateforme de recherche commune o\u00f9 tous nos professionnels peuvent g\u00e9n\u00e9rer des id\u00e9es<\/li>\n<li>Le comit\u00e9 de gestion des risques, sous la responsabilit\u00e9 de CDP de FG, est responsable d&rsquo;assurer la conformit\u00e9 \u00e0 la politique d\u2019investissement ainsi qu\u2019aux objectifs et proc\u00e9dures du portefeuille, et d&rsquo;assurer que les standards d&rsquo;\u00e9thique soient respect\u00e9s<\/li>\n<\/ul>\n<\/div><\/div><\/div>\n<hr \/>\n<p style=\"text-align: justify;\">Notre exp\u00e9rience, notre r\u00e9seau et notre vaste couverture d&rsquo;actions am\u00e9ricaines de petite et moyenne capitalisation cr\u00e9ent plusieurs id\u00e9es d&rsquo;investissement. L&rsquo;analyse fondamentale approfondie et la constance du processus contribuent au succ\u00e8s de Formula Growth.<\/p>\n","protected":false},"excerpt":{"rendered":"<p>Formula Growth poss\u00e8de une connaissance approfondie des actions de petite et moyenne capitalisation. Les membres de notre \u00e9quipe veillent \u00e0 identifier les investissements aux perspectives prometteuses dans ce segment qui est \u00e0 la fois vaste et peu explor\u00e9 par les investisseurs. Notre exp\u00e9rience, notre r\u00e9seau et notre vaste couverture d&rsquo;actions am\u00e9ricaines de petite et moyenne [&hellip;]<\/p>\n","protected":false},"author":2,"featured_media":0,"parent":0,"menu_order":4,"comment_status":"closed","ping_status":"closed","template":"page-fullwidth.php","meta":{"_acf_changed":false,"footnotes":""},"class_list":["post-544","page","type-page","status-publish","hentry"],"acf":[],"yoast_head":"<!-- This site is optimized with the Yoast SEO plugin v27.3 - https:\/\/yoast.com\/product\/yoast-seo-wordpress\/ -->\n<title>Notre strat\u00e9gie de placement - Formula Growth<\/title>\n<meta name=\"description\" content=\"Formula Growth poss\u00e8de une connaissance approfondie des actions de petite et moyenne capitalisation. D\u00e9couvrez notre strat\u00e9gie de placement.\" \/>\n<meta name=\"robots\" content=\"index, follow, max-snippet:-1, max-image-preview:large, max-video-preview:-1\" \/>\n<link rel=\"canonical\" href=\"https:\/\/www.formulagrowth.com\/fr\/strategie-de-placement\/\" \/>\n<meta property=\"og:locale\" content=\"fr_FR\" \/>\n<meta property=\"og:type\" content=\"article\" \/>\n<meta property=\"og:title\" content=\"Notre strat\u00e9gie de placement - Formula Growth\" \/>\n<meta property=\"og:description\" content=\"Formula Growth poss\u00e8de une connaissance approfondie des actions de petite et moyenne capitalisation. D\u00e9couvrez notre strat\u00e9gie de placement.\" \/>\n<meta property=\"og:url\" content=\"https:\/\/www.formulagrowth.com\/fr\/strategie-de-placement\/\" \/>\n<meta property=\"og:site_name\" content=\"Formula Growth\" \/>\n<meta property=\"article:modified_time\" content=\"2025-06-20T20:08:37+00:00\" \/>\n<meta property=\"og:image\" content=\"https:\/\/www.formulagrowth.com\/wp-content\/uploads\/2015\/07\/Lightbulb.jpg\" \/>\n\t<meta property=\"og:image:width\" content=\"60\" \/>\n\t<meta property=\"og:image:height\" content=\"60\" \/>\n\t<meta property=\"og:image:type\" content=\"image\/jpeg\" \/>\n<meta name=\"twitter:card\" content=\"summary_large_image\" \/>\n<meta name=\"twitter:label1\" content=\"Dur\u00e9e de lecture estim\u00e9e\" \/>\n\t<meta name=\"twitter:data1\" content=\"3 minutes\" \/>\n<script type=\"application\/ld+json\" class=\"yoast-schema-graph\">{\"@context\":\"https:\\\/\\\/schema.org\",\"@graph\":[{\"@type\":\"WebPage\",\"@id\":\"https:\\\/\\\/www.formulagrowth.com\\\/fr\\\/strategie-de-placement\\\/\",\"url\":\"https:\\\/\\\/www.formulagrowth.com\\\/fr\\\/strategie-de-placement\\\/\",\"name\":\"Notre strat\u00e9gie de placement - Formula Growth\",\"isPartOf\":{\"@id\":\"https:\\\/\\\/www.formulagrowth.com\\\/#website\"},\"primaryImageOfPage\":{\"@id\":\"https:\\\/\\\/www.formulagrowth.com\\\/fr\\\/strategie-de-placement\\\/#primaryimage\"},\"image\":{\"@id\":\"https:\\\/\\\/www.formulagrowth.com\\\/fr\\\/strategie-de-placement\\\/#primaryimage\"},\"thumbnailUrl\":\"http:\\\/\\\/www.formulagrowth.com\\\/wp-content\\\/uploads\\\/2015\\\/07\\\/Lightbulb.jpg\",\"datePublished\":\"2015-07-14T23:29:50+00:00\",\"dateModified\":\"2025-06-20T20:08:37+00:00\",\"description\":\"Formula Growth poss\u00e8de une connaissance approfondie des actions de petite et moyenne capitalisation. D\u00e9couvrez notre strat\u00e9gie de placement.\",\"breadcrumb\":{\"@id\":\"https:\\\/\\\/www.formulagrowth.com\\\/fr\\\/strategie-de-placement\\\/#breadcrumb\"},\"inLanguage\":\"fr-FR\",\"potentialAction\":[{\"@type\":\"ReadAction\",\"target\":[\"https:\\\/\\\/www.formulagrowth.com\\\/fr\\\/strategie-de-placement\\\/\"]}]},{\"@type\":\"ImageObject\",\"inLanguage\":\"fr-FR\",\"@id\":\"https:\\\/\\\/www.formulagrowth.com\\\/fr\\\/strategie-de-placement\\\/#primaryimage\",\"url\":\"http:\\\/\\\/www.formulagrowth.com\\\/wp-content\\\/uploads\\\/2015\\\/07\\\/Lightbulb.jpg\",\"contentUrl\":\"http:\\\/\\\/www.formulagrowth.com\\\/wp-content\\\/uploads\\\/2015\\\/07\\\/Lightbulb.jpg\"},{\"@type\":\"BreadcrumbList\",\"@id\":\"https:\\\/\\\/www.formulagrowth.com\\\/fr\\\/strategie-de-placement\\\/#breadcrumb\",\"itemListElement\":[{\"@type\":\"ListItem\",\"position\":1,\"name\":\"Home\",\"item\":\"https:\\\/\\\/www.formulagrowth.com\\\/fr\\\/\"},{\"@type\":\"ListItem\",\"position\":2,\"name\":\"STRAT\u00c9GIE DE PLACEMENT\"}]},{\"@type\":\"WebSite\",\"@id\":\"https:\\\/\\\/www.formulagrowth.com\\\/#website\",\"url\":\"https:\\\/\\\/www.formulagrowth.com\\\/\",\"name\":\"Formula Growth\",\"description\":\"one of Canada&#039;s oldest and top performing investment management firms\",\"potentialAction\":[{\"@type\":\"SearchAction\",\"target\":{\"@type\":\"EntryPoint\",\"urlTemplate\":\"https:\\\/\\\/www.formulagrowth.com\\\/?s={search_term_string}\"},\"query-input\":{\"@type\":\"PropertyValueSpecification\",\"valueRequired\":true,\"valueName\":\"search_term_string\"}}],\"inLanguage\":\"fr-FR\"}]}<\/script>\n<!-- \/ Yoast SEO plugin. -->","yoast_head_json":{"title":"Notre strat\u00e9gie de placement - Formula Growth","description":"Formula Growth poss\u00e8de une connaissance approfondie des actions de petite et moyenne capitalisation. D\u00e9couvrez notre strat\u00e9gie de placement.","robots":{"index":"index","follow":"follow","max-snippet":"max-snippet:-1","max-image-preview":"max-image-preview:large","max-video-preview":"max-video-preview:-1"},"canonical":"https:\/\/www.formulagrowth.com\/fr\/strategie-de-placement\/","og_locale":"fr_FR","og_type":"article","og_title":"Notre strat\u00e9gie de placement - Formula Growth","og_description":"Formula Growth poss\u00e8de une connaissance approfondie des actions de petite et moyenne capitalisation. D\u00e9couvrez notre strat\u00e9gie de placement.","og_url":"https:\/\/www.formulagrowth.com\/fr\/strategie-de-placement\/","og_site_name":"Formula Growth","article_modified_time":"2025-06-20T20:08:37+00:00","og_image":[{"width":60,"height":60,"url":"https:\/\/www.formulagrowth.com\/wp-content\/uploads\/2015\/07\/Lightbulb.jpg","type":"image\/jpeg"}],"twitter_card":"summary_large_image","twitter_misc":{"Dur\u00e9e de lecture estim\u00e9e":"3 minutes"},"schema":{"@context":"https:\/\/schema.org","@graph":[{"@type":"WebPage","@id":"https:\/\/www.formulagrowth.com\/fr\/strategie-de-placement\/","url":"https:\/\/www.formulagrowth.com\/fr\/strategie-de-placement\/","name":"Notre strat\u00e9gie de placement - Formula Growth","isPartOf":{"@id":"https:\/\/www.formulagrowth.com\/#website"},"primaryImageOfPage":{"@id":"https:\/\/www.formulagrowth.com\/fr\/strategie-de-placement\/#primaryimage"},"image":{"@id":"https:\/\/www.formulagrowth.com\/fr\/strategie-de-placement\/#primaryimage"},"thumbnailUrl":"http:\/\/www.formulagrowth.com\/wp-content\/uploads\/2015\/07\/Lightbulb.jpg","datePublished":"2015-07-14T23:29:50+00:00","dateModified":"2025-06-20T20:08:37+00:00","description":"Formula Growth poss\u00e8de une connaissance approfondie des actions de petite et moyenne capitalisation. D\u00e9couvrez notre strat\u00e9gie de placement.","breadcrumb":{"@id":"https:\/\/www.formulagrowth.com\/fr\/strategie-de-placement\/#breadcrumb"},"inLanguage":"fr-FR","potentialAction":[{"@type":"ReadAction","target":["https:\/\/www.formulagrowth.com\/fr\/strategie-de-placement\/"]}]},{"@type":"ImageObject","inLanguage":"fr-FR","@id":"https:\/\/www.formulagrowth.com\/fr\/strategie-de-placement\/#primaryimage","url":"http:\/\/www.formulagrowth.com\/wp-content\/uploads\/2015\/07\/Lightbulb.jpg","contentUrl":"http:\/\/www.formulagrowth.com\/wp-content\/uploads\/2015\/07\/Lightbulb.jpg"},{"@type":"BreadcrumbList","@id":"https:\/\/www.formulagrowth.com\/fr\/strategie-de-placement\/#breadcrumb","itemListElement":[{"@type":"ListItem","position":1,"name":"Home","item":"https:\/\/www.formulagrowth.com\/fr\/"},{"@type":"ListItem","position":2,"name":"STRAT\u00c9GIE DE PLACEMENT"}]},{"@type":"WebSite","@id":"https:\/\/www.formulagrowth.com\/#website","url":"https:\/\/www.formulagrowth.com\/","name":"Formula Growth","description":"one of Canada&#039;s oldest and top performing investment management firms","potentialAction":[{"@type":"SearchAction","target":{"@type":"EntryPoint","urlTemplate":"https:\/\/www.formulagrowth.com\/?s={search_term_string}"},"query-input":{"@type":"PropertyValueSpecification","valueRequired":true,"valueName":"search_term_string"}}],"inLanguage":"fr-FR"}]}},"_links":{"self":[{"href":"https:\/\/www.formulagrowth.com\/fr\/wp-json\/wp\/v2\/pages\/544","targetHints":{"allow":["GET"]}}],"collection":[{"href":"https:\/\/www.formulagrowth.com\/fr\/wp-json\/wp\/v2\/pages"}],"about":[{"href":"https:\/\/www.formulagrowth.com\/fr\/wp-json\/wp\/v2\/types\/page"}],"author":[{"embeddable":true,"href":"https:\/\/www.formulagrowth.com\/fr\/wp-json\/wp\/v2\/users\/2"}],"replies":[{"embeddable":true,"href":"https:\/\/www.formulagrowth.com\/fr\/wp-json\/wp\/v2\/comments?post=544"}],"version-history":[{"count":24,"href":"https:\/\/www.formulagrowth.com\/fr\/wp-json\/wp\/v2\/pages\/544\/revisions"}],"predecessor-version":[{"id":8858,"href":"https:\/\/www.formulagrowth.com\/fr\/wp-json\/wp\/v2\/pages\/544\/revisions\/8858"}],"wp:attachment":[{"href":"https:\/\/www.formulagrowth.com\/fr\/wp-json\/wp\/v2\/media?parent=544"}],"curies":[{"name":"wp","href":"https:\/\/api.w.org\/{rel}","templated":true}]}}