{"id":7897,"date":"2023-11-23T09:10:29","date_gmt":"2023-11-23T14:10:29","guid":{"rendered":"https:\/\/www.formulagrowth.com\/cookie-policy-ca\/"},"modified":"2023-11-27T13:56:02","modified_gmt":"2023-11-27T18:56:02","slug":"cookie-policy-ca","status":"publish","type":"page","link":"https:\/\/www.formulagrowth.com\/fr\/cookie-policy-ca\/","title":{"rendered":"Politique de confidentialit\u00e9"},"content":{"rendered":"\n<!-- Legal document generated by Complianz | GDPR\/CCPA Cookie Consent https:\/\/wordpress.org\/plugins\/complianz-gdpr -->\n<div id=\"cmplz-document\" class=\"cmplz-document cookie-statement cmplz-document-ca\"><h2 class=\"wp-block-heading has-text-align-center\">Politique de confidentialit\u00e9<\/h2><p>Conform\u00e9ment \u00e0 la l\u00e9gislation actuelle sur la confidentialit\u00e9, Formula Growth Limited a adopt\u00e9 des pratiques de confidentialit\u00e9 pour prot\u00e9ger les informations personnelles de nos clients.<\/p><p>Chez Formula Growth Limited, nous attachons de l&rsquo;importance \u00e0 votre vie priv\u00e9e et nous nous engageons \u00e0 prot\u00e9ger vos informations personnelles. Chaque employ\u00e9 de Formula Growth est responsable de garantir la confidentialit\u00e9 de toutes les informations personnelles auxquelles il peut avoir acc\u00e8s. De plus, chaque employ\u00e9 signe annuellement un code de conduite, qui comprend des dispositions sur la protection des informations personnelles.<\/p><p><strong>INFORMATIONS PERSONNELLES<\/strong><\/p><p>\u00ab\u00a0Information personnelle\u00a0\u00bb fait r\u00e9f\u00e9rence aux informations qui vous identifient, telles que votre \u00e2ge, votre \u00e9tat civil, votre historique professionnel, votre num\u00e9ro d&rsquo;assurance sociale, votre historique de cr\u00e9dit, votre adresse personnelle, votre adresse courriel personnelle, votre num\u00e9ro de t\u00e9l\u00e9phone personnel, ainsi que vos instructions de transfert bancaire.<\/p><p><strong>Objectif de la collecte d&rsquo;informations personnelles<\/strong><\/p><p>Nous recueillons vos informations personnelles pour \u00e9tablir une relation avec vous et vous fournir des services optimaux. Vos informations personnelles, y compris votre historique financier, votre situation financi\u00e8re actuelle et d&rsquo;autres d\u00e9tails pertinents, nous permettent de :<\/p><ul><!-- wp:list-item -->\n<li>V\u00e9rifier votre identit\u00e9.<\/li>\n<!-- \/wp:list-item -->\n\n<!-- wp:list-item -->\n<li>\u00c9valuer votre admissibilit\u00e9 \u00e0 nos produits et services.<\/li>\n<!-- \/wp:list-item -->\n\n<!-- wp:list-item -->\n<li>Pr\u00e9venir les erreurs et la fraude.<\/li>\n<!-- \/wp:list-item -->\n\n<!-- wp:list-item -->\n<li>Respecter les obligations l\u00e9gales.<\/li>\n<!-- \/wp:list-item --><\/ul><p><strong>Sources d&rsquo;informations personnelles<\/strong><\/p><p>Nous obtenons principalement des informations personnelles directement de vous. Avec votre consentement, nous pouvons \u00e9galement recueillir des informations aupr\u00e8s de sources telles que votre conseiller ou courtier, d&rsquo;autres institutions financi\u00e8res et les autorit\u00e9s comp\u00e9tentes.<\/p><p><strong>Utilisation des informations personnelles<\/strong><\/p><p>Nous utilisons vos informations personnelles aux fins suivantes :<\/p><ul><!-- wp:list-item -->\n<li>Vous identifier.<\/li>\n<!-- \/wp:list-item -->\n\n<!-- wp:list-item -->\n<li>Assurer l&rsquo;exactitude de nos dossiers.<\/li>\n<!-- \/wp:list-item -->\n\n<!-- wp:list-item -->\n<li>\u00c9tablir et g\u00e9rer votre compte.<\/li>\n<!-- \/wp:list-item -->\n\n<!-- wp:list-item -->\n<li>Ex\u00e9cuter vos transactions.<\/li>\n<!-- \/wp:list-item -->\n\n<!-- wp:list-item -->\n<li>Conserver, enregistrer et d\u00e9terminer vos avoirs de compte et vos relev\u00e9s de transactions.<\/li>\n<!-- \/wp:list-item -->\n\n<!-- wp:list-item -->\n<li>V\u00e9rifier les informations pr\u00e9c\u00e9demment fournies, lorsque n\u00e9cessaire.<\/li>\n<!-- \/wp:list-item -->\n\n<!-- wp:list-item -->\n<li>Vous fournir, \u00e0 vous et \u00e0 vos repr\u00e9sentants, des relev\u00e9s de compte\/informations.<\/li>\n<!-- \/wp:list-item -->\n\n<!-- wp:list-item -->\n<li>Vous fournir des relev\u00e9s financiers, des re\u00e7us fiscaux, des confirmations de transactions et d&rsquo;autres informations pouvant \u00eatre demand\u00e9es ou n\u00e9cessaires pour le service de votre compte.<\/li>\n<!-- \/wp:list-item -->\n\n<!-- wp:list-item -->\n<li>Vous fournir un service client de qualit\u00e9 et un soutien pour vos besoins en mati\u00e8re d&rsquo;investissement.<\/li>\n<!-- \/wp:list-item -->\n\n<!-- wp:list-item -->\n<li>R\u00e9pondre aux exigences l\u00e9gales et r\u00e9glementaires.<\/li>\n<!-- \/wp:list-item --><\/ul><p><strong>Divulgation des informations personnelles<\/strong><\/p><p>Vos informations personnelles sont utilis\u00e9es uniquement aux fins \u00e9nonc\u00e9es ci-dessus. Dans certains cas, nous pouvons partager vos informations personnelles avec des tiers pour r\u00e9pondre \u00e0 vos exigences de service, notamment :<\/p><ul><!-- wp:list-item -->\n<li>Votre repr\u00e9sentant financier.<\/li>\n<!-- \/wp:list-item -->\n\n<!-- wp:list-item -->\n<li>Les fournisseurs de services tiers contract\u00e9s.<\/li>\n<!-- \/wp:list-item -->\n\n<!-- wp:list-item -->\n<li>Les gouvernements, les agences gouvernementales et les r\u00e9gulateurs canadiens.<\/li>\n<!-- \/wp:list-item -->\n\n<!-- wp:list-item -->\n<li>D&rsquo;autres entit\u00e9s l\u00e9galement requises.<\/li>\n<!-- \/wp:list-item --><\/ul><p><strong>Divulgation en cas d&rsquo;obligation l\u00e9gale<\/strong><\/p><p>Nous pouvons divulguer vos informations personnelles en r\u00e9ponse \u00e0 un mandat de perquisition, \u00e0 une ordonnance de tribunal ou \u00e0 toute autre demande l\u00e9galement valide.<\/p><p><strong>Enregistrement et surveillance<\/strong><\/p><p>Nous pouvons surveiller et enregistrer les communications \u00e9lectroniques avec vous pour garantir l&rsquo;exactitude, la conformit\u00e9 et le service client. Les enregistrements sont conserv\u00e9s \u00e0 des fins commerciales et les informations personnelles sont prot\u00e9g\u00e9es.<\/p><p><strong>Cookies et utilisation des donn\u00e9es<\/strong><\/p><p>Nous pouvons utiliser des cookies et des technologies de suivi similaires sur notre site Web pour am\u00e9liorer votre exp\u00e9rience de navigation et collecter automatiquement certaines informations. Les cookies sont de petits fichiers texte qui sont plac\u00e9s sur votre appareil lorsque vous visitez notre site Web. Ils nous aident \u00e0 analyser le comportement des utilisateurs, \u00e0 m\u00e9moriser vos pr\u00e9f\u00e9rences et \u00e0 am\u00e9liorer nos services. Les informations collect\u00e9es via les cookies peuvent inclure votre adresse IP, le type de navigateur, le type d&rsquo;appareil et les pages visit\u00e9es. Vous pouvez g\u00e9rer vos pr\u00e9f\u00e9rences en mati\u00e8re de cookies via les param\u00e8tres de votre navigateur Web, mais veuillez noter que la d\u00e9sactivation des cookies peut limiter certaines fonctionnalit\u00e9s de notre site Web. En utilisant notre site Web, vous consentez \u00e0 l&rsquo;utilisation de cookies et de donn\u00e9es telle que d\u00e9crite dans cette politique.<\/p><p>Exemple de cookies que nous pouvons utiliser&nbsp;:<\/p><p>Cookies techniques ou fonctionnels : Il s&rsquo;agit de cookies essentiels au bon fonctionnement du site web et \u00e0 la fourniture de fonctionnalit\u00e9s de base. Ils sont g\u00e9n\u00e9ralement utilis\u00e9s pour m\u00e9moriser les pr\u00e9f\u00e9rences des utilisateurs, les d\u00e9tails de connexion et les param\u00e8tres, facilitant ainsi la navigation des utilisateurs sur notre site web. Les cookies techniques ne collectent pas de donn\u00e9es personnelles ni ne suivent le comportement des utilisateurs \u00e0 des fins marketing.<\/p><p>Cookies statistiques : Ces cookies sont utilis\u00e9s pour recueillir des informations sur la mani\u00e8re dont les utilisateurs interagissent avec un site web. Ils collectent des donn\u00e9es telles que les pages vues, le contenu populaire et les sch\u00e9mas de navigation des utilisateurs. Les cookies statistiques sont utilis\u00e9s pour analyser et am\u00e9liorer les performances et l&rsquo;exp\u00e9rience utilisateur d&rsquo;un site web. Les donn\u00e9es collect\u00e9es sont g\u00e9n\u00e9ralement agr\u00e9g\u00e9es et anonymis\u00e9es.<\/p><p>Cookies marketing\/suivi : Les cookies marketing ou de suivi sont con\u00e7us pour surveiller le comportement des utilisateurs sur diff\u00e9rents sites web. Ils enregistrent des donn\u00e9es sur les activit\u00e9s en ligne d&rsquo;un utilisateur, telles que les pages qu&rsquo;ils visitent, les produits qu&rsquo;ils consultent et leurs interactions avec les publicit\u00e9s. Ces informations sont utilis\u00e9es \u00e0 des fins de publicit\u00e9 cibl\u00e9e et de marketing. Les cookies marketing sont souvent plac\u00e9s par des annonceurs tiers et peuvent \u00eatre utilis\u00e9s pour cr\u00e9er des profils d&rsquo;utilisateurs pour des campagnes publicitaires personnalis\u00e9es.<\/p><p><strong>OBTENTION DE VOTRE CONSENTEMENT<\/strong><\/p><p>Votre consentement est n\u00e9cessaire avant d&rsquo;ouvrir un compte chez nous et lorsque vous fournissez des informations personnelles. Nous n&rsquo;utiliserons pas vos informations sans votre consentement, les utilisant uniquement aux fins indiqu\u00e9es.<\/p><p><strong>Retrait du consentement<\/strong><\/p><p>Vous pouvez retirer votre consentement en nous contactant, mais des obligations l\u00e9gales et autres pourraient limiter nos services, si vous le faites.<\/p><p><strong>Acc\u00e8s et exactitude des informations personnelles<\/strong><\/p><p>Vous avez le droit d&rsquo;acc\u00e9der \u00e0 vos informations personnelles sur demande. Nous pouvons fournir une liste des tiers avec lesquels vos informations ont \u00e9t\u00e9 partag\u00e9es. Les demandes de modifications ou de mises \u00e0 jour des informations personnelles peuvent \u00eatre faites, sous r\u00e9serve des objectifs et des limites \u00e9nonc\u00e9s.<\/p><p><strong>Stockage des informations personnelles<\/strong><\/p><p>Vos informations personnelles peuvent \u00eatre conserv\u00e9es en format \u00e9lectronique ou papier dans nos bureaux, chez nos affili\u00e9s ou chez des fournisseurs de services tiers, y compris dans des installations s\u00e9curis\u00e9es en dehors du site.<\/p><p><strong>CONTACTEZ-NOUS<\/strong><\/p><p><strong>Contactez le bureau de la confidentialit\u00e9 de Formula Growth<\/strong><\/p><p>Pour de plus amples informations sur notre politique de confidentialit\u00e9 ou sur la mani\u00e8re dont nous traitons les informations personnelles, veuillez contacter le bureau de la confidentialit\u00e9 de Formula Growth.<\/p><p><strong>Bureau de la protection des renseignements personnels<\/strong><\/p><p>Formula Growth Limit\u00e9e<\/p><p>1010 Rue Sherbrooke Ouest, Suite 2300<\/p><p>Montr\u00e9al, Qu\u00e9bec, H3A 2R7<\/p><p><a href=\"mailto:confidentialite@formulagrowth.ca\">confidentialite@formulagrowth.ca<\/a>&nbsp;<\/p><p><!-- wp:heading {\"textAlign\":\"center\"} -->\n\n<!-- \/wp:heading -->\n\n<!-- wp:paragraph -->\n\n<!-- \/wp:paragraph -->\n\n<!-- wp:paragraph -->\n\n<!-- \/wp:paragraph -->\n\n<!-- wp:paragraph -->\n\n<!-- \/wp:paragraph -->\n\n<!-- wp:paragraph -->\n\n<!-- \/wp:paragraph -->\n\n<!-- wp:paragraph -->\n\n<!-- \/wp:paragraph -->\n\n<!-- wp:paragraph -->\n\n<!-- \/wp:paragraph -->\n\n<!-- wp:list -->\n\n<!-- \/wp:list -->\n\n<!-- wp:paragraph -->\n\n<!-- \/wp:paragraph -->\n\n<!-- wp:paragraph -->\n\n<!-- \/wp:paragraph -->\n\n<!-- wp:paragraph -->\n\n<!-- \/wp:paragraph -->\n\n<!-- wp:paragraph -->\n\n<!-- \/wp:paragraph -->\n\n<!-- wp:list -->\n\n<!-- \/wp:list -->\n\n<!-- wp:paragraph -->\n\n<!-- \/wp:paragraph -->\n\n<!-- wp:paragraph -->\n\n<!-- \/wp:paragraph -->\n\n<!-- wp:list -->\n\n<!-- \/wp:list -->\n\n<!-- wp:paragraph -->\n\n<!-- \/wp:paragraph -->\n\n<!-- wp:paragraph -->\n\n<!-- \/wp:paragraph -->\n\n<!-- wp:paragraph -->\n\n<!-- \/wp:paragraph -->\n\n<!-- wp:paragraph -->\n\n<!-- \/wp:paragraph -->\n\n<!-- wp:paragraph -->\n\n<!-- \/wp:paragraph -->\n\n<!-- wp:paragraph -->\n\n<!-- \/wp:paragraph -->\n\n<!-- wp:paragraph -->\n\n<!-- \/wp:paragraph -->\n\n<!-- wp:paragraph -->\n\n<!-- \/wp:paragraph -->\n\n<!-- wp:paragraph -->\n\n<!-- \/wp:paragraph -->\n\n<!-- wp:paragraph -->\n\n<!-- \/wp:paragraph -->\n\n<!-- wp:paragraph -->\n\n<!-- \/wp:paragraph -->\n\n<!-- wp:paragraph -->\n\n<!-- \/wp:paragraph -->\n\n<!-- wp:paragraph -->\n\n<!-- \/wp:paragraph -->\n\n<!-- wp:paragraph -->\n\n<!-- \/wp:paragraph -->\n\n<!-- wp:paragraph -->\n\n<!-- \/wp:paragraph -->\n\n<!-- wp:paragraph -->\n\n<!-- \/wp:paragraph -->\n\n<!-- wp:paragraph -->\n\n<!-- \/wp:paragraph -->\n\n<!-- wp:paragraph -->\n\n<!-- \/wp:paragraph -->\n\n<!-- wp:paragraph -->\n\n<!-- \/wp:paragraph -->\n\n<!-- wp:paragraph -->\n\n<!-- \/wp:paragraph -->\n\n<!-- wp:paragraph -->\n\n<!-- \/wp:paragraph -->\n\n<!-- wp:paragraph -->\n\n<!-- \/wp:paragraph -->\n\n<!-- wp:paragraph -->\n\n<!-- \/wp:paragraph -->\n\n<!-- wp:paragraph -->\n\n<!-- \/wp:paragraph -->\n\n<!-- wp:paragraph -->\n\n<!-- \/wp:paragraph -->\n\n<!-- wp:paragraph -->\n\n<!-- \/wp:paragraph -->\n\n<!-- wp:paragraph -->\n\n<!-- \/wp:paragraph --><\/p><p>Nous nous r\u00e9servons le droit de mettre \u00e0 jour et de modifier cette politique de confidentialit\u00e9 si n\u00e9cessaire, les changements \u00e9tant affich\u00e9s sur notre site Web. Il est recommand\u00e9 de revoir p\u00e9riodiquement cette politique.<\/p><\/div>","protected":false},"excerpt":{"rendered":"","protected":false},"author":8,"featured_media":0,"parent":0,"menu_order":0,"comment_status":"closed","ping_status":"closed","template":"page-fullwidth.php","meta":{"_acf_changed":false,"footnotes":""},"class_list":["post-7897","page","type-page","status-publish","hentry"],"acf":[],"yoast_head":"<!-- This site is optimized with the Yoast SEO plugin v27.4 - https:\/\/yoast.com\/product\/yoast-seo-wordpress\/ -->\n<title>Politique de confidentialit\u00e9 - Formula Growth<\/title>\n<meta name=\"robots\" content=\"index, follow, max-snippet:-1, max-image-preview:large, max-video-preview:-1\" \/>\n<link rel=\"canonical\" href=\"https:\/\/www.formulagrowth.com\/fr\/cookie-policy-ca\/\" \/>\n<meta property=\"og:locale\" content=\"fr_FR\" \/>\n<meta property=\"og:type\" content=\"article\" \/>\n<meta property=\"og:title\" content=\"Politique de confidentialit\u00e9 - Formula Growth\" \/>\n<meta property=\"og:url\" content=\"https:\/\/www.formulagrowth.com\/fr\/cookie-policy-ca\/\" \/>\n<meta property=\"og:site_name\" content=\"Formula Growth\" \/>\n<meta property=\"article:modified_time\" content=\"2023-11-27T18:56:02+00:00\" \/>\n<meta name=\"twitter:card\" content=\"summary_large_image\" \/>\n<script type=\"application\/ld+json\" class=\"yoast-schema-graph\">{\"@context\":\"https:\\\/\\\/schema.org\",\"@graph\":[{\"@type\":\"WebPage\",\"@id\":\"https:\\\/\\\/www.formulagrowth.com\\\/fr\\\/cookie-policy-ca\\\/\",\"url\":\"https:\\\/\\\/www.formulagrowth.com\\\/fr\\\/cookie-policy-ca\\\/\",\"name\":\"Politique de confidentialit\u00e9 - Formula Growth\",\"isPartOf\":{\"@id\":\"https:\\\/\\\/www.formulagrowth.com\\\/#website\"},\"datePublished\":\"2023-11-23T14:10:29+00:00\",\"dateModified\":\"2023-11-27T18:56:02+00:00\",\"breadcrumb\":{\"@id\":\"https:\\\/\\\/www.formulagrowth.com\\\/fr\\\/cookie-policy-ca\\\/#breadcrumb\"},\"inLanguage\":\"fr-FR\",\"potentialAction\":[{\"@type\":\"ReadAction\",\"target\":[\"https:\\\/\\\/www.formulagrowth.com\\\/fr\\\/cookie-policy-ca\\\/\"]}]},{\"@type\":\"BreadcrumbList\",\"@id\":\"https:\\\/\\\/www.formulagrowth.com\\\/fr\\\/cookie-policy-ca\\\/#breadcrumb\",\"itemListElement\":[{\"@type\":\"ListItem\",\"position\":1,\"name\":\"Home\",\"item\":\"https:\\\/\\\/www.formulagrowth.com\\\/fr\\\/\"},{\"@type\":\"ListItem\",\"position\":2,\"name\":\"Politique de confidentialit\u00e9\"}]},{\"@type\":\"WebSite\",\"@id\":\"https:\\\/\\\/www.formulagrowth.com\\\/#website\",\"url\":\"https:\\\/\\\/www.formulagrowth.com\\\/\",\"name\":\"Formula Growth\",\"description\":\"one of Canada&#039;s oldest and top performing investment management firms\",\"potentialAction\":[{\"@type\":\"SearchAction\",\"target\":{\"@type\":\"EntryPoint\",\"urlTemplate\":\"https:\\\/\\\/www.formulagrowth.com\\\/?s={search_term_string}\"},\"query-input\":{\"@type\":\"PropertyValueSpecification\",\"valueRequired\":true,\"valueName\":\"search_term_string\"}}],\"inLanguage\":\"fr-FR\"}]}<\/script>\n<!-- \/ Yoast SEO plugin. -->","yoast_head_json":{"title":"Politique de confidentialit\u00e9 - Formula Growth","robots":{"index":"index","follow":"follow","max-snippet":"max-snippet:-1","max-image-preview":"max-image-preview:large","max-video-preview":"max-video-preview:-1"},"canonical":"https:\/\/www.formulagrowth.com\/fr\/cookie-policy-ca\/","og_locale":"fr_FR","og_type":"article","og_title":"Politique de confidentialit\u00e9 - Formula Growth","og_url":"https:\/\/www.formulagrowth.com\/fr\/cookie-policy-ca\/","og_site_name":"Formula Growth","article_modified_time":"2023-11-27T18:56:02+00:00","twitter_card":"summary_large_image","schema":{"@context":"https:\/\/schema.org","@graph":[{"@type":"WebPage","@id":"https:\/\/www.formulagrowth.com\/fr\/cookie-policy-ca\/","url":"https:\/\/www.formulagrowth.com\/fr\/cookie-policy-ca\/","name":"Politique de confidentialit\u00e9 - Formula Growth","isPartOf":{"@id":"https:\/\/www.formulagrowth.com\/#website"},"datePublished":"2023-11-23T14:10:29+00:00","dateModified":"2023-11-27T18:56:02+00:00","breadcrumb":{"@id":"https:\/\/www.formulagrowth.com\/fr\/cookie-policy-ca\/#breadcrumb"},"inLanguage":"fr-FR","potentialAction":[{"@type":"ReadAction","target":["https:\/\/www.formulagrowth.com\/fr\/cookie-policy-ca\/"]}]},{"@type":"BreadcrumbList","@id":"https:\/\/www.formulagrowth.com\/fr\/cookie-policy-ca\/#breadcrumb","itemListElement":[{"@type":"ListItem","position":1,"name":"Home","item":"https:\/\/www.formulagrowth.com\/fr\/"},{"@type":"ListItem","position":2,"name":"Politique de confidentialit\u00e9"}]},{"@type":"WebSite","@id":"https:\/\/www.formulagrowth.com\/#website","url":"https:\/\/www.formulagrowth.com\/","name":"Formula Growth","description":"one of Canada&#039;s oldest and top performing investment management firms","potentialAction":[{"@type":"SearchAction","target":{"@type":"EntryPoint","urlTemplate":"https:\/\/www.formulagrowth.com\/?s={search_term_string}"},"query-input":{"@type":"PropertyValueSpecification","valueRequired":true,"valueName":"search_term_string"}}],"inLanguage":"fr-FR"}]}},"_links":{"self":[{"href":"https:\/\/www.formulagrowth.com\/fr\/wp-json\/wp\/v2\/pages\/7897","targetHints":{"allow":["GET"]}}],"collection":[{"href":"https:\/\/www.formulagrowth.com\/fr\/wp-json\/wp\/v2\/pages"}],"about":[{"href":"https:\/\/www.formulagrowth.com\/fr\/wp-json\/wp\/v2\/types\/page"}],"author":[{"embeddable":true,"href":"https:\/\/www.formulagrowth.com\/fr\/wp-json\/wp\/v2\/users\/8"}],"replies":[{"embeddable":true,"href":"https:\/\/www.formulagrowth.com\/fr\/wp-json\/wp\/v2\/comments?post=7897"}],"version-history":[{"count":3,"href":"https:\/\/www.formulagrowth.com\/fr\/wp-json\/wp\/v2\/pages\/7897\/revisions"}],"predecessor-version":[{"id":7912,"href":"https:\/\/www.formulagrowth.com\/fr\/wp-json\/wp\/v2\/pages\/7897\/revisions\/7912"}],"wp:attachment":[{"href":"https:\/\/www.formulagrowth.com\/fr\/wp-json\/wp\/v2\/media?parent=7897"}],"curies":[{"name":"wp","href":"https:\/\/api.w.org\/{rel}","templated":true}]}}