{"id":7898,"date":"2023-11-23T09:10:30","date_gmt":"2023-11-23T14:10:30","guid":{"rendered":"https:\/\/www.formulagrowth.com\/privacy-statement-ca\/"},"modified":"2023-11-27T13:54:37","modified_gmt":"2023-11-27T18:54:37","slug":"privacy-statement-ca","status":"publish","type":"page","link":"https:\/\/www.formulagrowth.com\/fr\/privacy-statement-ca\/","title":{"rendered":"Conditions d&rsquo;utilisation et avis de non-responsabilit\u00e9"},"content":{"rendered":"\n<!-- Legal document generated by Complianz | GDPR\/CCPA Cookie Consent https:\/\/wordpress.org\/plugins\/complianz-gdpr -->\n<div id=\"cmplz-document\" class=\"cmplz-document privacy-statement cmplz-document-ca\"><h2 class=\"wp-block-heading has-text-align-center\">Conditions d&rsquo;utilisation et avis de non-responsabilit\u00e9<\/h2><h2 class=\"wp-block-heading\"><strong>CONDITIONS D&rsquo;UTILISATION DU SITE INTERNET<\/strong><\/h2><p>En acc\u00e9dant et en utilisant ce site web, vous reconnaissez votre accord avec les Conditions d&rsquo;utilisation suivantes. Ces termes peuvent \u00eatre sujets \u00e0 modification de notre part, et tout changement sera communiqu\u00e9 par le biais de mises \u00e0 jour de ce document sans pr\u00e9avis pr\u00e9alable. Il est important de lire attentivement et de comprendre ces termes. Chaque acc\u00e8s \u00e0 ce site web implique que vous avez lu et accept\u00e9 les Conditions d&rsquo;utilisation. Votre utilisation continue des services offerts sur ce site web signifie votre acceptation de ces Conditions d&rsquo;utilisation, y compris de toutes les r\u00e9visions. Nous afficherons de tels changements sur le site, il est donc conseill\u00e9 de v\u00e9rifier r\u00e9guli\u00e8rement les mises \u00e0 jour. Si vous n&rsquo;acceptez pas ces Conditions d&rsquo;utilisation, veuillez-vous abstenir d&rsquo;utiliser ce site web. Les lois de la province de Qu\u00e9bec et les lois f\u00e9d\u00e9rales applicables du Canada r\u00e9giront ces Conditions d&rsquo;utilisation et votre utilisation de ce site web.<\/p><p><strong>LIMITATION DE RESPONSABILIT\u00c9<\/strong><\/p><p>Les informations ou donn\u00e9es pr\u00e9sent\u00e9es sur ce site web sont destin\u00e9es uniquement \u00e0 des fins informatives et ne doivent pas \u00eatre interpr\u00e9t\u00e9es comme des conseils sp\u00e9cifiques concernant votre situation d&rsquo;investissement individuelle, ni comme des conseils personnalis\u00e9s en mati\u00e8re d&rsquo;investissement, financier, juridique, comptable, fiscal. Pour des conseils adapt\u00e9s \u00e0 vos circonstances sp\u00e9cifiques, il est recommand\u00e9 de consulter votre propre conseiller financier.<\/p><p>Bien que les informations fournies sur ce site web soient r\u00e9put\u00e9es exactes et fiables au moment de la publication, nous ne pouvons garantir leur exactitude, exhaustivit\u00e9, ou actualit\u00e9 en permanence, car elles sont sujettes \u00e0 modification. Nous n&rsquo;assumons aucune responsabilit\u00e9 pour les pertes de toute nature r\u00e9sultant de l&rsquo;utilisation de ce site web ou de l&rsquo;incapacit\u00e9 \u00e0 l&rsquo;utiliser. Sauf indication contraire explicite, toutes les informations sont non audit\u00e9es et sont pr\u00e9sent\u00e9es \u00ab\u00a0telles quelles\u00a0\u00bb.<\/p><p>Nous ne faisons aucune garantie concernant la nature ininterrompue ou exempte d&rsquo;erreurs du site web, la correction des d\u00e9fauts, ou l&rsquo;absence de virus ou d&rsquo;autres composants nuisibles sur le site ou son serveur.<\/p><p><strong>DROITS D&rsquo;AUTEUR<\/strong><\/p><p>Les mat\u00e9riaux sur le site web sont prot\u00e9g\u00e9s par les lois sur le droit d&rsquo;auteur pertinentes, et aucune autorisation n&rsquo;est accord\u00e9e pour copier, distribuer, modifier, publier, ou encadrer tout texte, graphique, vid\u00e9o, audio, code logiciel, conception de l&rsquo;interface utilisateur, ou logos. L&rsquo;utilisation ou l&rsquo;exploitation non autoris\u00e9e du contenu, des marques et des noms est strictement interdite.<\/p><p><strong>LIENS HYPERTEXTES<\/strong><\/p><p>Les mentions de produits ou services de tiers sur ce site web ne doivent pas \u00eatre interpr\u00e9t\u00e9es comme des approbations ou des approbations ; elles sont fournies \u00e0 titre informatif uniquement. Les liens vers d&rsquo;autres sites web n&rsquo;impliquent pas d&rsquo;approbations ou d&rsquo;approbations de ces sites, des tiers mentionn\u00e9s, ou de leurs produits et services. Aucune responsabilit\u00e9 n&rsquo;est assum\u00e9e pour l&rsquo;incompatibilit\u00e9, l&rsquo;inad\u00e9quation, la contamination par virus ou vers informatiques, les chevaux de Troie, ou autres composants destructeurs\/perturbateurs en provenance tels sites. Le fait de cr\u00e9er un lien vers un autre site se fait \u00e0 vos risques et p\u00e9rils, et Formula Growth n&rsquo;est pas responsable des dommages associ\u00e9s au lien.<\/p><h2 class=\"wp-block-heading\"><strong>AVIS DE NON-RESPONSABILIT\u00c9<\/strong><\/h2><p>L&rsquo;utilisation de ce site web se fait \u00e0 vos propres risques. Divers facteurs \u00e9chappant au contr\u00f4le de Formula Growth peuvent influencer le fonctionnement de ce site web. Il est possible que l\u2019acc\u00e8s au site Web ne soit pas continu, ininterrompu, ou s\u00e9curis\u00e9, et l&rsquo;\u00e9limination compl\u00e8te des risques de s\u00e9curit\u00e9 et de confidentialit\u00e9 n&rsquo;est pas garantie. Formula Growth n&rsquo;est pas oblig\u00e9 de v\u00e9rifier l&rsquo;identit\u00e9 des utilisateurs du site web. En cas de d\u00e9faillance ou de retard imputable \u00e0 un tiers, Formula Growth ne sera pas tenu responsable des dommages subis par vous ou toute autre personne.<\/p><p><!-- wp:heading {\"textAlign\":\"center\"} -->\n\n<!-- \/wp:heading -->\n\n<!-- wp:heading -->\n\n<!-- \/wp:heading -->\n\n<!-- wp:paragraph -->\n\n<!-- \/wp:paragraph -->\n\n<!-- wp:paragraph -->\n\n<!-- \/wp:paragraph -->\n\n<!-- wp:paragraph -->\n\n<!-- \/wp:paragraph -->\n\n<!-- wp:paragraph -->\n\n<!-- \/wp:paragraph -->\n\n<!-- wp:paragraph -->\n\n<!-- \/wp:paragraph -->\n\n<!-- wp:paragraph -->\n\n<!-- \/wp:paragraph -->\n\n<!-- wp:paragraph -->\n\n<!-- \/wp:paragraph -->\n\n<!-- wp:paragraph -->\n\n<!-- \/wp:paragraph -->\n\n<!-- wp:paragraph -->\n\n<!-- \/wp:paragraph -->\n\n<!-- wp:heading -->\n\n<!-- \/wp:heading -->\n\n<!-- wp:paragraph -->\n\n<!-- \/wp:paragraph -->\n\n<!-- wp:paragraph -->\n\n<!-- \/wp:paragraph --><\/p><p>Cet accord est sujet \u00e0 modification sans pr\u00e9avis.<\/p><p><\/p><\/div>","protected":false},"excerpt":{"rendered":"","protected":false},"author":8,"featured_media":0,"parent":0,"menu_order":0,"comment_status":"closed","ping_status":"closed","template":"page-fullwidth.php","meta":{"_acf_changed":false,"footnotes":""},"class_list":["post-7898","page","type-page","status-publish","hentry"],"acf":[],"yoast_head":"<!-- This site is optimized with the Yoast SEO plugin v27.3 - https:\/\/yoast.com\/product\/yoast-seo-wordpress\/ -->\n<title>Conditions d&#039;utilisation et avis de non-responsabilit\u00e9 - Formula Growth<\/title>\n<meta name=\"robots\" content=\"index, follow, max-snippet:-1, max-image-preview:large, max-video-preview:-1\" \/>\n<link rel=\"canonical\" href=\"https:\/\/www.formulagrowth.com\/fr\/privacy-statement-ca\/\" \/>\n<meta property=\"og:locale\" content=\"fr_FR\" \/>\n<meta property=\"og:type\" content=\"article\" \/>\n<meta property=\"og:title\" content=\"Conditions d&#039;utilisation et avis de non-responsabilit\u00e9 - Formula Growth\" \/>\n<meta property=\"og:url\" content=\"https:\/\/www.formulagrowth.com\/fr\/privacy-statement-ca\/\" \/>\n<meta property=\"og:site_name\" content=\"Formula Growth\" \/>\n<meta property=\"article:modified_time\" content=\"2023-11-27T18:54:37+00:00\" \/>\n<meta name=\"twitter:card\" content=\"summary_large_image\" \/>\n<script type=\"application\/ld+json\" class=\"yoast-schema-graph\">{\"@context\":\"https:\\\/\\\/schema.org\",\"@graph\":[{\"@type\":\"WebPage\",\"@id\":\"https:\\\/\\\/www.formulagrowth.com\\\/fr\\\/privacy-statement-ca\\\/\",\"url\":\"https:\\\/\\\/www.formulagrowth.com\\\/fr\\\/privacy-statement-ca\\\/\",\"name\":\"Conditions d'utilisation et avis de non-responsabilit\u00e9 - Formula Growth\",\"isPartOf\":{\"@id\":\"https:\\\/\\\/www.formulagrowth.com\\\/#website\"},\"datePublished\":\"2023-11-23T14:10:30+00:00\",\"dateModified\":\"2023-11-27T18:54:37+00:00\",\"breadcrumb\":{\"@id\":\"https:\\\/\\\/www.formulagrowth.com\\\/fr\\\/privacy-statement-ca\\\/#breadcrumb\"},\"inLanguage\":\"fr-FR\",\"potentialAction\":[{\"@type\":\"ReadAction\",\"target\":[\"https:\\\/\\\/www.formulagrowth.com\\\/fr\\\/privacy-statement-ca\\\/\"]}]},{\"@type\":\"BreadcrumbList\",\"@id\":\"https:\\\/\\\/www.formulagrowth.com\\\/fr\\\/privacy-statement-ca\\\/#breadcrumb\",\"itemListElement\":[{\"@type\":\"ListItem\",\"position\":1,\"name\":\"Home\",\"item\":\"https:\\\/\\\/www.formulagrowth.com\\\/fr\\\/\"},{\"@type\":\"ListItem\",\"position\":2,\"name\":\"Conditions d&#8217;utilisation et avis de non-responsabilit\u00e9\"}]},{\"@type\":\"WebSite\",\"@id\":\"https:\\\/\\\/www.formulagrowth.com\\\/#website\",\"url\":\"https:\\\/\\\/www.formulagrowth.com\\\/\",\"name\":\"Formula Growth\",\"description\":\"one of Canada&#039;s oldest and top performing investment management firms\",\"potentialAction\":[{\"@type\":\"SearchAction\",\"target\":{\"@type\":\"EntryPoint\",\"urlTemplate\":\"https:\\\/\\\/www.formulagrowth.com\\\/?s={search_term_string}\"},\"query-input\":{\"@type\":\"PropertyValueSpecification\",\"valueRequired\":true,\"valueName\":\"search_term_string\"}}],\"inLanguage\":\"fr-FR\"}]}<\/script>\n<!-- \/ Yoast SEO plugin. -->","yoast_head_json":{"title":"Conditions d'utilisation et avis de non-responsabilit\u00e9 - Formula Growth","robots":{"index":"index","follow":"follow","max-snippet":"max-snippet:-1","max-image-preview":"max-image-preview:large","max-video-preview":"max-video-preview:-1"},"canonical":"https:\/\/www.formulagrowth.com\/fr\/privacy-statement-ca\/","og_locale":"fr_FR","og_type":"article","og_title":"Conditions d'utilisation et avis de non-responsabilit\u00e9 - Formula Growth","og_url":"https:\/\/www.formulagrowth.com\/fr\/privacy-statement-ca\/","og_site_name":"Formula Growth","article_modified_time":"2023-11-27T18:54:37+00:00","twitter_card":"summary_large_image","schema":{"@context":"https:\/\/schema.org","@graph":[{"@type":"WebPage","@id":"https:\/\/www.formulagrowth.com\/fr\/privacy-statement-ca\/","url":"https:\/\/www.formulagrowth.com\/fr\/privacy-statement-ca\/","name":"Conditions d'utilisation et avis de non-responsabilit\u00e9 - Formula Growth","isPartOf":{"@id":"https:\/\/www.formulagrowth.com\/#website"},"datePublished":"2023-11-23T14:10:30+00:00","dateModified":"2023-11-27T18:54:37+00:00","breadcrumb":{"@id":"https:\/\/www.formulagrowth.com\/fr\/privacy-statement-ca\/#breadcrumb"},"inLanguage":"fr-FR","potentialAction":[{"@type":"ReadAction","target":["https:\/\/www.formulagrowth.com\/fr\/privacy-statement-ca\/"]}]},{"@type":"BreadcrumbList","@id":"https:\/\/www.formulagrowth.com\/fr\/privacy-statement-ca\/#breadcrumb","itemListElement":[{"@type":"ListItem","position":1,"name":"Home","item":"https:\/\/www.formulagrowth.com\/fr\/"},{"@type":"ListItem","position":2,"name":"Conditions d&#8217;utilisation et avis de non-responsabilit\u00e9"}]},{"@type":"WebSite","@id":"https:\/\/www.formulagrowth.com\/#website","url":"https:\/\/www.formulagrowth.com\/","name":"Formula Growth","description":"one of Canada&#039;s oldest and top performing investment management firms","potentialAction":[{"@type":"SearchAction","target":{"@type":"EntryPoint","urlTemplate":"https:\/\/www.formulagrowth.com\/?s={search_term_string}"},"query-input":{"@type":"PropertyValueSpecification","valueRequired":true,"valueName":"search_term_string"}}],"inLanguage":"fr-FR"}]}},"_links":{"self":[{"href":"https:\/\/www.formulagrowth.com\/fr\/wp-json\/wp\/v2\/pages\/7898","targetHints":{"allow":["GET"]}}],"collection":[{"href":"https:\/\/www.formulagrowth.com\/fr\/wp-json\/wp\/v2\/pages"}],"about":[{"href":"https:\/\/www.formulagrowth.com\/fr\/wp-json\/wp\/v2\/types\/page"}],"author":[{"embeddable":true,"href":"https:\/\/www.formulagrowth.com\/fr\/wp-json\/wp\/v2\/users\/8"}],"replies":[{"embeddable":true,"href":"https:\/\/www.formulagrowth.com\/fr\/wp-json\/wp\/v2\/comments?post=7898"}],"version-history":[{"count":3,"href":"https:\/\/www.formulagrowth.com\/fr\/wp-json\/wp\/v2\/pages\/7898\/revisions"}],"predecessor-version":[{"id":7911,"href":"https:\/\/www.formulagrowth.com\/fr\/wp-json\/wp\/v2\/pages\/7898\/revisions\/7911"}],"wp:attachment":[{"href":"https:\/\/www.formulagrowth.com\/fr\/wp-json\/wp\/v2\/media?parent=7898"}],"curies":[{"name":"wp","href":"https:\/\/api.w.org\/{rel}","templated":true}]}}